{"id":82277,"date":"2025-03-18T15:42:59","date_gmt":"2025-03-18T12:42:59","guid":{"rendered":"https:\/\/tlt.ee\/?page_id=82277"},"modified":"2025-06-30T09:00:58","modified_gmt":"2025-06-30T06:00:58","slug":"leitud-esemed","status":"publish","type":"page","link":"https:\/\/tlt.ee\/ru\/%d0%bf%d0%b0%d1%81%d1%81%d0%b0%d0%b6%d0%b8%d1%80%d1%83\/leitud-esemed\/","title":{"rendered":"Leitud esemed"},"content":{"rendered":"<div class=\"page-header\">\n            <div class=\"container breadcrumbs-container\">\n            <nav class=\"breadcrumbs\" aria-label=\"Leivapuru\" typeof=\"BreadcrumbList\" vocab=\"https:\/\/schema.org\/\">\n        <span property=\"itemListElement\" typeof=\"ListItem\"><a property=\"item\" typeof=\"WebPage\" title=\"Go to \u0413\u043b\u0430\u0432\u043d\u0430\u044f.\" href=\"https:\/\/tlt.ee\/ru\/\" class=\"home\" aria-current=\"page\"><span property=\"name\">\u0413\u043b\u0430\u0432\u043d\u0430\u044f <\/span><\/a><meta property=\"position\" content=\"1\"><\/span>\n    <\/nav>\n        <\/div>\n        <div class=\"container\">\n        <div class=\"description\">\n                            <h1 class=\"page-header-title\">Leitud esemed<\/h1>\n                                                    <div class=\"lead-text\">\n                    <p>Informatsiooni \u00fchiss\u00f5idukist leitud esemete kohta saab infotelefoni numbril 643 4142 v\u00f5i e-posti aadressil info@tlt.ee. <span data-teams=\"true\">Kaotatud esemete leidmiseks peab teadma \u00fchiss\u00f5iduki liiki, liini numbrit ja kuup\u00e4eva millal ese \u00fchiss\u00f5idukisse unustati.<\/span><\/p>\n<p>TLT hoiustab leitud asju maksimaalselt 30 p\u00e4eva. Leitud asjad tagastatakse isikule eelnevalt kokku lepitud p\u00e4eval aadressil Kadaka tee 62a E-R kell 8.00-16.30 isikut t\u00f5endava dokumendi alusel.<\/p>\n<p><span data-teams=\"true\">TLT ja \u00fchiss\u00f5idukijuhid ei vastuta \u00fchiss\u00f5idukisse j\u00e4etud esemete ja nende seisukorra eest ning ei garanteeri, et k\u00f5ik \u00fchiss\u00f5idukisse unustatu esemed j\u00f5uavad leiuna TLT k\u00e4tte, mis oleks v\u00f5imalik omanikule tagastada.<\/span><\/p>\n\n                <\/div>\n                                            <\/div>\n\n            <\/div>\n\n    \n                <\/div>\n\n","protected":false},"excerpt":{"rendered":"","protected":false},"author":1,"featured_media":0,"parent":82383,"menu_order":0,"comment_status":"closed","ping_status":"closed","template":"template-found-items.blade.php","meta":{"_acf_changed":false,"footnotes":"","_links_to":"","_links_to_target":""},"class_list":["post-82277","page","type-page","status-publish","hentry"],"acf":[],"_links":{"self":[{"href":"https:\/\/tlt.ee\/ru\/wp-json\/wp\/v2\/pages\/82277","targetHints":{"allow":["GET"]}}],"collection":[{"href":"https:\/\/tlt.ee\/ru\/wp-json\/wp\/v2\/pages"}],"about":[{"href":"https:\/\/tlt.ee\/ru\/wp-json\/wp\/v2\/types\/page"}],"author":[{"embeddable":true,"href":"https:\/\/tlt.ee\/ru\/wp-json\/wp\/v2\/users\/1"}],"replies":[{"embeddable":true,"href":"https:\/\/tlt.ee\/ru\/wp-json\/wp\/v2\/comments?post=82277"}],"version-history":[{"count":6,"href":"https:\/\/tlt.ee\/ru\/wp-json\/wp\/v2\/pages\/82277\/revisions"}],"predecessor-version":[{"id":91065,"href":"https:\/\/tlt.ee\/ru\/wp-json\/wp\/v2\/pages\/82277\/revisions\/91065"}],"up":[{"embeddable":true,"href":"https:\/\/tlt.ee\/ru\/wp-json\/wp\/v2\/pages\/82383"}],"wp:attachment":[{"href":"https:\/\/tlt.ee\/ru\/wp-json\/wp\/v2\/media?parent=82277"}],"curies":[{"name":"wp","href":"https:\/\/api.w.org\/{rel}","templated":true}]}}