{"id":82233,"date":"2025-03-18T15:14:26","date_gmt":"2025-03-18T12:14:26","guid":{"rendered":"https:\/\/tlt.ee\/%d0%b3%d0%bb%d0%b0%d0%b2%d0%bd%d0%b0%d1%8f\/"},"modified":"2025-05-13T10:39:26","modified_gmt":"2025-05-13T07:39:26","slug":"%d0%b3%d0%bb%d0%b0%d0%b2%d0%bd%d0%b0%d1%8f","status":"publish","type":"page","link":"https:\/\/tlt.ee\/ru\/","title":{"rendered":"\u0413\u043b\u0430\u0432\u043d\u0430\u044f"},"content":{"rendered":"<div class=\"container full-container\">\n    <div class=\"wp-block-banner\" style=\"\">\n        <div class=\"swiper\">\n            <div class=\"swiper-wrapper\">\n                                                            <div class=\"swiper-slide\">\n                            <img decoding=\"async\" src=\"https:\/\/tlt.ee\/wp-content\/uploads\/2025\/03\/Gaasibuss-scaled-1.jpg\" class=\"card-img-top\"\n                                alt=\"test\">\n                        <\/div>\n                                            <div class=\"swiper-slide\">\n                            <img decoding=\"async\" src=\"https:\/\/tlt.ee\/wp-content\/uploads\/2025\/03\/uudiskiri-valid.jpg\" class=\"card-img-top\"\n                                alt=\"\">\n                        <\/div>\n                                            <div class=\"swiper-slide\">\n                            <img decoding=\"async\" src=\"https:\/\/tlt.ee\/wp-content\/uploads\/2025\/05\/Pressifoto_Copyright-Tiit-Veermae-1536x1100-1.jpg\" class=\"card-img-top\"\n                                alt=\"\">\n                        <\/div>\n                                            <div class=\"swiper-slide\">\n                            <img decoding=\"async\" src=\"https:\/\/tlt.ee\/wp-content\/uploads\/2025\/05\/Pressifoto_sotsiaaltransport-1.jpg\" class=\"card-img-top\"\n                                alt=\"\">\n                        <\/div>\n                                                <\/div>\n            \n                    <\/div>\n            <\/div>\n\n    <\/div>\n\n\n<div class=\"container\">\n        <div class=\"links-wrap\">\n                                                        <a href=\"https:\/\/transport.tallinn.ee\/#\/ru\" class=\"button-info\" target=\"\">\n                        \u0420\u0430\u0441\u043f\u0438\u0441\u0430\u043d\u0438\u044f\n                    <\/a>\n                                                                <a href=\"https:\/\/tlt.ee\/leitud-esemed\/\" class=\"button-info\" target=\"\">\n                        \u0411\u044e\u0440\u043e \u043d\u0430\u0445\u043e\u0434\u043e\u043a\n                    <\/a>\n                                                                <a href=\"https:\/\/www.tallinn.ee\/et\/tasuta-ja-tasuline-uhistransport\" class=\"button-info\" target=\"\">\n                        \u0418\u043d\u0444\u043e\u0440\u043c\u0430\u0446\u0438\u044f \u043e \u0431\u0438\u043b\u0435\u0442\u0430\u0445\n                    <\/a>\n                                        <\/div>\n<\/div>\n\n\n<div class=\"\">\n    <div class=\"container numbers \">\n                    <h2 class=\"sub-title\">TLT \u0432 \u0446\u0438\u0444\u0440\u0430\u0445<\/h2>\n                <div class=\"icons\">\n                            <div class=\"icon-block\">\n                    <div class=\"icon icon_bus \">\n                    <\/div>\n                    <div class=\"description\">\n                        <p><strong>557 \u0430\u0432\u0442\u043e\u0431\u0443\u0441\u043e\u0432 <\/strong><\/p>\n\n                    <\/div>\n                <\/div>\n                            <div class=\"icon-block\">\n                    <div class=\"icon icon_tram \">\n                    <\/div>\n                    <div class=\"description\">\n                        <p><strong>65 \u0442\u0440\u0430\u043c\u0432\u0430\u0435\u0432 <\/strong><\/p>\n\n                    <\/div>\n                <\/div>\n                            <div class=\"icon-block\">\n                    <div class=\"icon icon_troll \">\n                    <\/div>\n                    <div class=\"description\">\n                        <p><strong>0 \u0442\u0440\u043e\u043b\u043b\u0435\u0439\u0431\u0443\u0441\u043e\u0432 <\/strong><\/p>\n\n                    <\/div>\n                <\/div>\n                            <div class=\"icon-block\">\n                    <div class=\"icon icon_social_bus \">\n                    <\/div>\n                    <div class=\"description\">\n                        <p><strong>42 \u0441\u043e\u0446. \u0430\u0432\u0442\u043e\u0431\u0443\u0441\u0430<\/strong><\/p>\n\n                    <\/div>\n                <\/div>\n                    <\/div>\n    <\/div>\n<\/div>\n\n\n<div class=\"dark-container\">\n    <div class=\"container numbers dark\">\n                    <h2 class=\"sub-title\">\u0418\u043d\u0442\u0435\u0440\u0435\u0441\u043d\u044b\u0435 \u0444\u0430\u043a\u0442\u044b<\/h2>\n                <div class=\"icons\">\n                            <div class=\"icon-block\">\n                    <div class=\"icon icon_crew wide\">\n                    <\/div>\n                    <div class=\"description\">\n                        <p>\u0412 TLT \u0440\u0430\u0431\u043e\u0442\u0430\u0435\u0442 <strong>\u0431\u043e\u043b\u0435\u0435 2100 \u0447\u0435\u043b\u043e\u0432\u0435\u043a<\/strong>, 1400 \u0438\u0437 \u043a\u043e\u0442\u043e\u0440\u044b\u0445 \u2014 \u0432\u043e\u0434\u0438\u0442\u0435\u043b\u0438 \u043e\u0431\u0449\u0435\u0441\u0442\u0432\u0435\u043d\u043d\u043e\u0433\u043e \u0442\u0440\u0430\u043d\u0441\u043f\u043e\u0440\u0442\u0430<\/p>\n\n                    <\/div>\n                <\/div>\n                            <div class=\"icon-block\">\n                    <div class=\"icon icon_road wide\">\n                    <\/div>\n                    <div class=\"description\">\n                        <p>T\u0440\u0430\u043d\u0441\u043f\u043e\u0440\u0442\u043d\u044b\u0435 \u0441\u0440\u0435\u0434\u0441\u0442\u0432\u0430 TLT \u043f\u0440\u043e\u0435\u0437\u0436\u0430\u044e\u0442 <strong>\u0431\u043e\u043b\u0435\u0435 40 \u043c\u0438\u043b\u043b\u0438\u043e\u043d\u043e\u0432 <\/strong>\u043a\u0438\u043b\u043e\u043c\u0435\u0442\u0440\u043e\u0432 \u0432 \u0433\u043e\u0434<\/p>\n\n                    <\/div>\n                <\/div>\n                            <div class=\"icon-block\">\n                    <div class=\"icon icon_station wide\">\n                    <\/div>\n                    <div class=\"description\">\n                        <p>TLT \u043e\u0431\u0441\u043b\u0443\u0436\u0438\u0432\u0430\u0435\u0442 \u043a\u0430\u0447\u0435\u0441\u0442\u0432\u0435\u043d\u043d\u043e \u043e\u043a\u043e\u043b\u043e <strong>180 000 \u0447\u0435\u043b\u043e\u0432\u0435\u043a<\/strong> \u043a\u0430\u0436\u0434\u044b\u0439 \u0434\u0435\u043d\u044c<\/p>\n\n                    <\/div>\n                <\/div>\n                            <div class=\"icon-block\">\n                    <div class=\"icon icon_passengers wide\">\n                    <\/div>\n                    <div class=\"description\">\n                        <p>\u0412 \u0431\u0443\u0434\u043d\u0438\u0435 \u0434\u043d\u0438 \u043d\u0430 \u0434\u043e\u0440\u043e\u0433\u0430\u0445 \u043e\u043a\u043e\u043b\u043e <strong>460 \u0430\u0432\u0442\u043e\u0431\u0443\u0441\u043e\u0432<\/strong> <strong>\u0438 50 \u0442\u0440\u0430\u043c\u0432\u0430\u0435\u0432<\/strong><\/p>\n\n                    <\/div>\n                <\/div>\n                            <div class=\"icon-block\">\n                    <div class=\"icon icon_route wide\">\n                    <\/div>\n                    <div class=\"description\">\n                        <p>\u0421\u0430\u043c\u0430\u044f \u0434\u043b\u0438\u043d\u043d\u0430\u044f \u043b\u0438\u043d\u0438\u044f <strong>13 V\u00e4ike-\u00d5ism\u00e4e &#8211; Priisle<\/strong>, \u043e\u0434\u0438\u043d \u043f\u043e\u043b\u043d\u044b\u0439 \u043a\u0440\u0443\u0433 54 km<\/p>\n\n                    <\/div>\n                <\/div>\n                            <div class=\"icon-block\">\n                    <div class=\"icon icon_bus_age wide\">\n                    <\/div>\n                    <div class=\"description\">\n                        <p>\u0421\u0440\u0435\u0434\u043d\u0438\u0439 \u0432\u043e\u0437\u0440\u0430\u0441\u0442 \u043d\u0430\u0448\u0438\u0445 \u0430\u0432\u0442\u043e\u0431\u0443\u0441\u043e\u0432 \u0441\u043e\u0441\u0442\u0430\u0432\u043b\u044f\u0435\u0442 <strong>5,4 \u0433\u043e\u0434\u0430<\/strong><\/p>\n\n                    <\/div>\n                <\/div>\n                    <\/div>\n    <\/div>\n<\/div>\n","protected":false},"excerpt":{"rendered":"","protected":false},"author":1,"featured_media":0,"parent":0,"menu_order":5,"comment_status":"closed","ping_status":"closed","template":"","meta":{"_acf_changed":false,"footnotes":"","_links_to":"","_links_to_target":""},"class_list":["post-82233","page","type-page","status-publish","hentry"],"acf":[],"_links":{"self":[{"href":"https:\/\/tlt.ee\/ru\/wp-json\/wp\/v2\/pages\/82233","targetHints":{"allow":["GET"]}}],"collection":[{"href":"https:\/\/tlt.ee\/ru\/wp-json\/wp\/v2\/pages"}],"about":[{"href":"https:\/\/tlt.ee\/ru\/wp-json\/wp\/v2\/types\/page"}],"author":[{"embeddable":true,"href":"https:\/\/tlt.ee\/ru\/wp-json\/wp\/v2\/users\/1"}],"replies":[{"embeddable":true,"href":"https:\/\/tlt.ee\/ru\/wp-json\/wp\/v2\/comments?post=82233"}],"version-history":[{"count":8,"href":"https:\/\/tlt.ee\/ru\/wp-json\/wp\/v2\/pages\/82233\/revisions"}],"predecessor-version":[{"id":85395,"href":"https:\/\/tlt.ee\/ru\/wp-json\/wp\/v2\/pages\/82233\/revisions\/85395"}],"wp:attachment":[{"href":"https:\/\/tlt.ee\/ru\/wp-json\/wp\/v2\/media?parent=82233"}],"curies":[{"name":"wp","href":"https:\/\/api.w.org\/{rel}","templated":true}]}}