{"id":3486,"date":"2020-09-21T11:10:49","date_gmt":"2020-09-21T08:10:49","guid":{"rendered":"https:\/\/www.tlt.ee\/%d1%80%d0%b0%d0%b1%d0%be%d1%82%d0%b0-%d0%b8-%d0%bf%d1%80%d0%b0%d0%ba%d1%82%d0%b8%d0%ba%d0%b0\/tule-praktikale\/"},"modified":"2023-02-02T20:11:44","modified_gmt":"2023-02-02T17:11:44","slug":"tule-praktikale","status":"publish","type":"page","link":"https:\/\/tlt.ee\/ru\/%d1%80%d0%b0%d0%b1%d0%be%d1%82%d0%b0-%d0%b8-%d0%bf%d1%80%d0%b0%d0%ba%d1%82%d0%b8%d0%ba%d0%b0\/tule-praktikale\/","title":{"rendered":"\u041f\u0440\u0438\u0445\u043e\u0434\u0438\u0442\u0435 \u043a \u043d\u0430\u043c \u043d\u0430 \u043f\u0440\u0430\u043a\u0442\u0438\u043a\u0443"},"content":{"rendered":"\n<p class=\"nf-required-notice\"><span class=\"nf-required-notice__symbol\" aria-hidden=\"true\">*<\/span> Kohustuslikud v\u00e4ljad on t\u00e4histatud t\u00e4rniga<\/p><noscript class=\"ninja-forms-noscript-message\">\n\t\u041f\u043e\u043c\u043d\u0438\u0442\u0435: \u0434\u043b\u044f \u044d\u0442\u043e\u0433\u043e \u043a\u043e\u043d\u0442\u0435\u043d\u0442\u0430 \u0442\u0440\u0435\u0431\u0443\u0435\u0442\u0441\u044f JavaScript.<\/noscript>\n<div id=\"nf-form-21-cont\" class=\"nf-form-cont\" aria-live=\"polite\" aria-labelledby=\"nf-form-title-21\" aria-describedby=\"nf-form-errors-21\" role=\"form\">\n\n    <div class=\"nf-loading-spinner\"><\/div>\n\n<\/div>\n        <!-- That data is being printed as a workaround to page builders reordering the order of the scripts loaded-->\n        <script>var formDisplay=1;var nfForms=nfForms||[];var form=[];form.id='21';form.settings={\"objectType\":\"Form Setting\",\"editActive\":true,\"title\":\"Tule praktikale - 2023\",\"default_label_pos\":\"hidden\",\"show_title\":\"0\",\"clear_complete\":\"1\",\"hide_complete\":\"1\",\"logged_in\":\"\",\"wrapper_class\":\"\",\"element_class\":\"\",\"key\":\"\",\"add_submit\":\"0\",\"changeEmailErrorMsg\":\"Palun sisestage kehtiv e-posti aadress!\",\"changeDateErrorMsg\":\"Palun sisestage kehtiv kuup\\u00e4ev!\",\"confirmFieldErrorMsg\":\"Need v\\u00e4ljad peavad kattuma!\",\"fieldNumberNumMinError\":\"\\u041c\\u0438\\u043d. \\u043d\\u043e\\u043c\\u0435\\u0440 \\u043e\\u0448\\u0438\\u0431\\u043a\\u0438\",\"fieldNumberNumMaxError\":\"\\u041c\\u0430\\u043a\\u0441. \\u043d\\u043e\\u043c\\u0435\\u0440 \\u043e\\u0448\\u0438\\u0431\\u043a\\u0438\",\"fieldNumberIncrementBy\":\"\\u0423\\u0432\\u0435\\u043b\\u0438\\u0447\\u0438\\u0432\\u0430\\u0439\\u0442\\u0435 \\u0441 \\u0448\\u0430\\u0433\\u043e\\u043c \",\"formErrorsCorrectErrors\":\"Palun parandage vead enne vormi esitamist.\",\"validateRequiredField\":\"See v\\u00e4li on kohustuslik.\",\"honeypotHoneypotError\":\"\\u041e\\u0448\\u0438\\u0431\\u043a\\u0430 Honeypot\",\"fieldsMarkedRequired\":\"T\\u00e4rniga * m\\u00e4rgitud v\\u00e4ljad on kohustuslikud.\",\"currency\":\"\",\"unique_field_error\":\"A form with this value has already been submitted.\",\"not_logged_in_msg\":\"\",\"sub_limit_msg\":\"The form has reached its submission limit.\",\"calculations\":[],\"formContentData\":[\"ees-_ja_perekonnanimi_1593526832776\",\"e-mail_1593526870234\",\"telefon_1593526883383\",\"oppeasutus_1593526900546\",\"eriala_1593526929622\",\"millises_valdkonnas_soovid_praktikale_tulla_1651147793635\",\"millised_on_ootused_praktikakohale_1593526964410\",\"andmekaitse_1593443023684\",\"saada_1593439901707\"],\"drawerDisabled\":false,\"repeatable_fieldsets\":\"\",\"allow_public_link\":0,\"embed_form\":\"\",\"form_title_heading_level\":\"3\",\"ninjaForms\":\"Ninja Forms\",\"fieldTextareaRTEInsertLink\":\"\\u0412\\u0441\\u0442\\u0430\\u0432\\u0438\\u0442\\u044c \\u0441\\u0441\\u044b\\u043b\\u043a\\u0443\",\"fieldTextareaRTEInsertMedia\":\"\\u0412\\u0441\\u0442\\u0430\\u0432\\u0438\\u0442\\u044c \\u043c\\u0435\\u0434\\u0438\\u0430\\u0444\\u0430\\u0439\\u043b\",\"fieldTextareaRTESelectAFile\":\"\\u0412\\u044b\\u0431\\u0435\\u0440\\u0438\\u0442\\u0435 \\u0444\\u0430\\u0439\\u043b\",\"formHoneypot\":\"\\u0415\\u0441\\u043b\\u0438 \\u0432\\u044b \\u0447\\u0435\\u043b\\u043e\\u0432\\u0435\\u043a, \\u043d\\u0435 \\u0432\\u0432\\u043e\\u0434\\u0438\\u0442\\u0435 \\u0434\\u0430\\u043d\\u043d\\u044b\\u0435 \\u0432 \\u044d\\u0442\\u043e \\u043f\\u043e\\u043b\\u0435.\",\"fileUploadOldCodeFileUploadInProgress\":\"\\u041f\\u0440\\u043e\\u0434\\u043e\\u043b\\u0436\\u0430\\u0435\\u0442\\u0441\\u044f \\u043f\\u0435\\u0440\\u0435\\u0434\\u0430\\u0447\\u0430 \\u0444\\u0430\\u0439\\u043b\\u0430.\",\"fileUploadOldCodeFileUpload\":\"\\u041f\\u0435\\u0440\\u0435\\u0434\\u0430\\u0447\\u0430 \\u0444\\u0430\\u0439\\u043b\\u0430\",\"currencySymbol\":\"&euro;\",\"thousands_sep\":\",\",\"decimal_point\":\".\",\"siteLocale\":\"ru_RU\",\"dateFormat\":\"d.m.Y\",\"startOfWeek\":\"1\",\"of\":\"\\u0438\\u0437\",\"previousMonth\":\"Previous Month\",\"nextMonth\":\"Next Month\",\"months\":[\"January\",\"February\",\"March\",\"April\",\"May\",\"June\",\"July\",\"August\",\"September\",\"October\",\"November\",\"December\"],\"monthsShort\":[\"Jan\",\"Feb\",\"Mar\",\"Apr\",\"May\",\"Jun\",\"Jul\",\"Aug\",\"Sep\",\"Oct\",\"Nov\",\"Dec\"],\"weekdays\":[\"Sunday\",\"Monday\",\"Tuesday\",\"Wednesday\",\"Thursday\",\"Friday\",\"Saturday\"],\"weekdaysShort\":[\"Sun\",\"Mon\",\"Tue\",\"Wed\",\"Thu\",\"Fri\",\"Sat\"],\"weekdaysMin\":[\"Su\",\"Mo\",\"Tu\",\"We\",\"Th\",\"Fr\",\"Sa\"],\"recaptchaConsentMissing\":\"reCaptcha validation couldn&#039;t load.\",\"recaptchaMissingCookie\":\"reCaptcha v3 validation couldn&#039;t load the cookie needed to submit the form.\",\"recaptchaConsentEvent\":\"Accept reCaptcha cookies before sending the form.\",\"currency_symbol\":\"\",\"beforeForm\":\"\",\"beforeFields\":\"\",\"afterFields\":\"\",\"afterForm\":\"\"};form.fields=[{\"objectType\":\"Field\",\"objectDomain\":\"fields\",\"editActive\":false,\"order\":1,\"idAttribute\":\"id\",\"type\":\"textbox\",\"label\":\"\\u0418\\u043c\\u044f \\u0438 \\u0444\\u0430\\u043c\\u0438\\u043b\\u0438\\u044f\",\"key\":\"ees-_ja_perekonnanimi_1593526832776\",\"label_pos\":\"hidden\",\"required\":1,\"default\":\"\",\"placeholder\":\"\\u0418\\u043c\\u044f \\u0438 \\u0444\\u0430\\u043c\\u0438\\u043b\\u0438\\u044f *\",\"container_class\":\"\",\"element_class\":\"\",\"input_limit\":\"\",\"input_limit_type\":\"characters\",\"input_limit_msg\":\"Character(s) left\",\"manual_key\":\"\",\"admin_label\":\"\",\"help_text\":\"\",\"mask\":\"\",\"custom_mask\":\"\",\"custom_name_attribute\":\"\",\"personally_identifiable\":\"\",\"value\":\"\",\"drawerDisabled\":\"\",\"field_label\":\"Ees- ja perekonnanimi\",\"field_key\":\"ees-_ja_perekonnanimi_1593526832776\",\"id\":260,\"beforeField\":\"\",\"afterField\":\"\",\"parentType\":\"textbox\",\"element_templates\":[\"textbox\",\"input\"],\"old_classname\":\"\",\"wrap_template\":\"wrap\",\"nf_wcag_autocomplete\":\"name\"},{\"objectType\":\"Field\",\"objectDomain\":\"fields\",\"editActive\":false,\"order\":2,\"idAttribute\":\"id\",\"type\":\"email\",\"label\":\"\\u042d\\u043b. \\u043f\\u043e\\u0447\\u0442\\u0430\",\"key\":\"e-mail_1593526870234\",\"label_pos\":\"hidden\",\"required\":1,\"default\":\"\",\"placeholder\":\"\\u042d\\u043b. \\u043f\\u043e\\u0447\\u0442\\u0430 *\",\"container_class\":\"\",\"element_class\":\"\",\"admin_label\":\"\",\"help_text\":\"<p><br><\\\/p>\",\"custom_name_attribute\":\"email\",\"personally_identifiable\":1,\"value\":\"\",\"drawerDisabled\":\"\",\"field_label\":\"E-mail\",\"field_key\":\"e-mail_1593526870234\",\"id\":261,\"beforeField\":\"\",\"afterField\":\"\",\"parentType\":\"email\",\"element_templates\":[\"email\",\"input\"],\"old_classname\":\"\",\"wrap_template\":\"wrap\"},{\"objectType\":\"Field\",\"objectDomain\":\"fields\",\"editActive\":false,\"order\":3,\"idAttribute\":\"id\",\"type\":\"textbox\",\"label\":\"\\u0422\\u0435\\u043b\\u0435\\u0444\\u043e\\u043d\",\"key\":\"telefon_1593526883383\",\"label_pos\":\"hidden\",\"required\":\"\",\"default\":\"\",\"placeholder\":\"\\u0422\\u0435\\u043b\\u0435\\u0444\\u043e\\u043d\",\"container_class\":\"\",\"element_class\":\"\",\"input_limit\":\"\",\"input_limit_type\":\"characters\",\"input_limit_msg\":\"Character(s) left\",\"manual_key\":\"\",\"admin_label\":\"\",\"help_text\":\"\",\"mask\":\"\",\"custom_mask\":\"\",\"custom_name_attribute\":\"\",\"personally_identifiable\":\"\",\"value\":\"\",\"drawerDisabled\":\"\",\"field_label\":\"Telefon\",\"field_key\":\"telefon_1593526883383\",\"id\":262,\"beforeField\":\"\",\"afterField\":\"\",\"parentType\":\"textbox\",\"element_templates\":[\"textbox\",\"input\"],\"old_classname\":\"\",\"wrap_template\":\"wrap\"},{\"objectType\":\"Field\",\"objectDomain\":\"fields\",\"editActive\":false,\"order\":4,\"idAttribute\":\"id\",\"type\":\"textbox\",\"label\":\"\\u0423\\u0447\\u0435\\u0431\\u043d\\u043e\\u0435 \\u0437\\u0430\\u0432\\u0435\\u0434\\u0435\\u043d\\u0438\\u0435\",\"key\":\"oppeasutus_1593526900546\",\"label_pos\":\"hidden\",\"required\":1,\"default\":\"\",\"placeholder\":\"\\u0423\\u0447\\u0435\\u0431\\u043d\\u043e\\u0435 \\u0437\\u0430\\u0432\\u0435\\u0434\\u0435\\u043d\\u0438\\u0435 *\",\"container_class\":\"\",\"element_class\":\"\",\"input_limit\":\"\",\"input_limit_type\":\"characters\",\"input_limit_msg\":\"Character(s) left\",\"manual_key\":\"\",\"admin_label\":\"\",\"help_text\":\"\",\"mask\":\"\",\"custom_mask\":\"\",\"custom_name_attribute\":\"\",\"personally_identifiable\":\"\",\"value\":\"\",\"drawerDisabled\":\"\",\"field_label\":\"\\u00d5ppeasutus\",\"field_key\":\"oppeasutus_1593526900546\",\"id\":263,\"beforeField\":\"\",\"afterField\":\"\",\"parentType\":\"textbox\",\"element_templates\":[\"textbox\",\"input\"],\"old_classname\":\"\",\"wrap_template\":\"wrap\"},{\"objectType\":\"Field\",\"objectDomain\":\"fields\",\"editActive\":false,\"order\":5,\"idAttribute\":\"id\",\"type\":\"textbox\",\"label\":\"\\u0421\\u043f\\u0435\\u0446\\u0438\\u0430\\u043b\\u044c\\u043d\\u043e\\u0441\\u0442\\u044c\",\"key\":\"eriala_1593526929622\",\"label_pos\":\"hidden\",\"required\":1,\"default\":\"\",\"placeholder\":\"\\u0421\\u043f\\u0435\\u0446\\u0438\\u0430\\u043b\\u044c\\u043d\\u043e\\u0441\\u0442\\u044c *\",\"container_class\":\"\",\"element_class\":\"\",\"input_limit\":\"\",\"input_limit_type\":\"characters\",\"input_limit_msg\":\"Character(s) left\",\"manual_key\":\"\",\"admin_label\":\"\",\"help_text\":\"\",\"mask\":\"\",\"custom_mask\":\"\",\"custom_name_attribute\":\"\",\"personally_identifiable\":\"\",\"value\":\"\",\"drawerDisabled\":\"\",\"field_label\":\"Eriala\",\"field_key\":\"eriala_1593526929622\",\"id\":264,\"beforeField\":\"\",\"afterField\":\"\",\"parentType\":\"textbox\",\"element_templates\":[\"textbox\",\"input\"],\"old_classname\":\"\",\"wrap_template\":\"wrap\"},{\"objectType\":\"Field\",\"objectDomain\":\"fields\",\"editActive\":false,\"order\":7,\"idAttribute\":\"id\",\"type\":\"listselect\",\"label\":\"\\u0412 \\u043a\\u0430\\u043a\\u043e\\u0439 \\u043e\\u0431\\u043b\\u0430\\u0441\\u0442\\u0438 \\u0432\\u044b \\u0445\\u043e\\u0442\\u0438\\u0442\\u0435 \\u043f\\u0440\\u043e\\u0439\\u0442\\u0438 \\u0441\\u0442\\u0430\\u0436\\u0438\\u0440\\u043e\\u0432\\u043a\\u0443?\",\"key\":\"millises_valdkonnas_soovid_praktikale_tulla_1651147793635\",\"label_pos\":\"hidden\",\"required\":1,\"options\":[{\"errors\":[],\"max_options\":0,\"order\":0,\"new\":false,\"options\":[],\"label\":\"\\u0412 \\u043a\\u0430\\u043a\\u043e\\u0439 \\u043e\\u0431\\u043b\\u0430\\u0441\\u0442\\u0438 \\u0432\\u044b \\u0445\\u043e\\u0442\\u0438\\u0442\\u0435 \\u043f\\u0440\\u043e\\u0439\\u0442\\u0438 \\u0441\\u0442\\u0430\\u0436\\u0438\\u0440\\u043e\\u0432\\u043a\\u0443?\",\"value\":\"millises-valdkonnas-soovid-praktikale-tulla\",\"calc\":\"\",\"selected\":0,\"settingModel\":{\"settings\":false,\"hide_merge_tags\":false,\"error\":false,\"name\":\"options\",\"type\":\"option-repeater\",\"label\":\"Options <a href=\\\"#\\\" class=\\\"nf-add-new\\\">Add New<\\\/a> <a href=\\\"#\\\" class=\\\"extra nf-open-import-tooltip\\\"><i class=\\\"fa fa-sign-in\\\" aria-hidden=\\\"true\\\"><\\\/i> Import<\\\/a>\",\"width\":\"full\",\"group\":\"\",\"value\":[{\"label\":\"One\",\"value\":\"one\",\"calc\":\"\",\"selected\":0,\"order\":0},{\"label\":\"Two\",\"value\":\"two\",\"calc\":\"\",\"selected\":0,\"order\":1},{\"label\":\"Three\",\"value\":\"three\",\"calc\":\"\",\"selected\":0,\"order\":2}],\"columns\":{\"label\":{\"header\":\"Label\",\"default\":\"\"},\"value\":{\"header\":\"Value\",\"default\":\"\"},\"calc\":{\"header\":\"Calc Value\",\"default\":\"\"},\"selected\":{\"header\":\"<span class=\\\"dashicons dashicons-yes\\\"><\\\/span>\",\"default\":0}}}},{\"errors\":[],\"max_options\":0,\"order\":1,\"new\":false,\"options\":[],\"label\":\"\\u0421\\u0432\\u044f\\u0437\\u0430\\u0442\\u044c\\u0441\\u044f \\u0441 \\u0441\\u0435\\u0442\\u0435\\u0432\\u044b\\u043c \\u044d\\u043b\\u0435\\u043a\\u0442\\u0440\\u0438\\u043a\\u043e\\u043c\",\"value\":\"Kontaktvorgu elektrik IV kvartal oktoober  detsember\",\"calc\":\"\",\"selected\":0,\"settingModel\":{\"settings\":false,\"hide_merge_tags\":false,\"error\":false,\"name\":\"options\",\"type\":\"option-repeater\",\"label\":\"Options <a href=\\\"#\\\" class=\\\"nf-add-new\\\">Add New<\\\/a> <a href=\\\"#\\\" class=\\\"extra nf-open-import-tooltip\\\"><i class=\\\"fa fa-sign-in\\\" aria-hidden=\\\"true\\\"><\\\/i> Import<\\\/a>\",\"width\":\"full\",\"group\":\"\",\"value\":[{\"label\":\"One\",\"value\":\"one\",\"calc\":\"\",\"selected\":0,\"order\":0},{\"label\":\"Two\",\"value\":\"two\",\"calc\":\"\",\"selected\":0,\"order\":1},{\"label\":\"Three\",\"value\":\"three\",\"calc\":\"\",\"selected\":0,\"order\":2}],\"columns\":{\"label\":{\"header\":\"Label\",\"default\":\"\"},\"value\":{\"header\":\"Value\",\"default\":\"\"},\"calc\":{\"header\":\"Calc Value\",\"default\":\"\"},\"selected\":{\"header\":\"<span class=\\\"dashicons dashicons-yes\\\"><\\\/span>\",\"default\":0}}},\"manual_value\":true},{\"errors\":[],\"max_options\":0,\"order\":2,\"new\":false,\"options\":[],\"label\":\"\\u042d\\u043b\\u0435\\u043a\\u0442\\u0440\\u043e\\u043c\\u043e\\u043d\\u0442\\u0435\\u0440 \\u043f\\u043e\\u0434\\u0441\\u0442\\u0430\\u043d\\u0446\\u0438\\u0438\",\"value\":\"Veoalajaama elektrik IV kvartal oktoober  detsember\",\"calc\":\"\",\"selected\":0,\"settingModel\":{\"settings\":false,\"hide_merge_tags\":false,\"error\":false,\"name\":\"options\",\"type\":\"option-repeater\",\"label\":\"Options <a href=\\\"#\\\" class=\\\"nf-add-new\\\">Add New<\\\/a> <a href=\\\"#\\\" class=\\\"extra nf-open-import-tooltip\\\"><i class=\\\"fa fa-sign-in\\\" aria-hidden=\\\"true\\\"><\\\/i> Import<\\\/a>\",\"width\":\"full\",\"group\":\"\",\"value\":[{\"label\":\"One\",\"value\":\"one\",\"calc\":\"\",\"selected\":0,\"order\":0},{\"label\":\"Two\",\"value\":\"two\",\"calc\":\"\",\"selected\":0,\"order\":1},{\"label\":\"Three\",\"value\":\"three\",\"calc\":\"\",\"selected\":0,\"order\":2}],\"columns\":{\"label\":{\"header\":\"Label\",\"default\":\"\"},\"value\":{\"header\":\"Value\",\"default\":\"\"},\"calc\":{\"header\":\"Calc Value\",\"default\":\"\"},\"selected\":{\"header\":\"<span class=\\\"dashicons dashicons-yes\\\"><\\\/span>\",\"default\":0}}},\"manual_value\":true},{\"errors\":[],\"max_options\":0,\"order\":3,\"new\":false,\"options\":[],\"label\":\"\\u041f\\u043e\\u0432\\u0435\\u0440\\u043d\\u0438\\u0442\\u0435 \\u0441\\u043b\\u0435\\u0441\\u0430\\u0440\\u044c\",\"value\":\"poormelukksepp\",\"calc\":\"\",\"selected\":0,\"settingModel\":{\"settings\":false,\"hide_merge_tags\":false,\"error\":false,\"name\":\"options\",\"type\":\"option-repeater\",\"label\":\"Options <a href=\\\"#\\\" class=\\\"nf-add-new\\\">Add New<\\\/a> <a href=\\\"#\\\" class=\\\"extra nf-open-import-tooltip\\\"><i class=\\\"fa fa-sign-in\\\" aria-hidden=\\\"true\\\"><\\\/i> Import<\\\/a>\",\"width\":\"full\",\"group\":\"\",\"value\":[{\"label\":\"One\",\"value\":\"one\",\"calc\":\"\",\"selected\":0,\"order\":0},{\"label\":\"Two\",\"value\":\"two\",\"calc\":\"\",\"selected\":0,\"order\":1},{\"label\":\"Three\",\"value\":\"three\",\"calc\":\"\",\"selected\":0,\"order\":2}],\"columns\":{\"label\":{\"header\":\"Label\",\"default\":\"\"},\"value\":{\"header\":\"Value\",\"default\":\"\"},\"calc\":{\"header\":\"Calc Value\",\"default\":\"\"},\"selected\":{\"header\":\"<span class=\\\"dashicons dashicons-yes\\\"><\\\/span>\",\"default\":0}}},\"manual_value\":true},{\"errors\":[],\"max_options\":0,\"order\":4,\"new\":false,\"options\":[],\"label\":\"\\u041e\\u043f\\u0435\\u0440\\u0430\\u0442\\u043e\\u0440 \\u0448\\u043b\\u0438\\u0444\\u043e\\u0432\\u0430\\u043b\\u044c\\u043d\\u043e\\u0433\\u043e \\u0441\\u0442\\u0430\\u043d\\u043a\\u0430-\\u043c\\u0435\\u043d\\u0435\\u0434\\u0436\\u0435\\u0440 \\u043f\\u043e \\u043e\\u0431\\u0441\\u043b\\u0443\\u0436\\u0438\\u0432\\u0430\\u043d\\u0438\\u044e \\u0441\\u0442\\u0430\\u043d\\u043a\\u0430\",\"value\":\"lihvimismasina operaator hooldusmasinate juht\",\"calc\":\"\",\"selected\":0,\"settingModel\":{\"settings\":false,\"hide_merge_tags\":false,\"error\":false,\"name\":\"options\",\"type\":\"option-repeater\",\"label\":\"Options <a href=\\\"#\\\" class=\\\"nf-add-new\\\">Add New<\\\/a> <a href=\\\"#\\\" class=\\\"extra nf-open-import-tooltip\\\"><i class=\\\"fa fa-sign-in\\\" aria-hidden=\\\"true\\\"><\\\/i> Import<\\\/a>\",\"width\":\"full\",\"group\":\"\",\"value\":[{\"label\":\"One\",\"value\":\"one\",\"calc\":\"\",\"selected\":0,\"order\":0},{\"label\":\"Two\",\"value\":\"two\",\"calc\":\"\",\"selected\":0,\"order\":1},{\"label\":\"Three\",\"value\":\"three\",\"calc\":\"\",\"selected\":0,\"order\":2}],\"columns\":{\"label\":{\"header\":\"Label\",\"default\":\"\"},\"value\":{\"header\":\"Value\",\"default\":\"\"},\"calc\":{\"header\":\"Calc Value\",\"default\":\"\"},\"selected\":{\"header\":\"<span class=\\\"dashicons dashicons-yes\\\"><\\\/span>\",\"default\":0}}},\"manual_value\":true}],\"container_class\":\"\",\"element_class\":\"\",\"admin_label\":\"\",\"help_text\":\"\",\"drawerDisabled\":false,\"field_label\":\"Millises valdkonnas soovid praktikale tulla\",\"field_key\":\"millises_valdkonnas_soovid_praktikale_tulla_1651147793635\",\"id\":266,\"beforeField\":\"\",\"afterField\":\"\",\"value\":\"\",\"parentType\":\"list\",\"element_templates\":[\"listselect\",\"input\"],\"old_classname\":\"list-select\",\"wrap_template\":\"wrap\"},{\"objectType\":\"Field\",\"objectDomain\":\"fields\",\"editActive\":false,\"order\":8,\"idAttribute\":\"id\",\"type\":\"textarea\",\"label\":\"\\u041e\\u0436\\u0438\\u0434\\u0430\\u043d\\u0438\\u044f \\u043e\\u0442 \\u043c\\u0435\\u0441\\u0442\\u0430 \\u043f\\u0440\\u043e\\u0445\\u043e\\u0436\\u0434\\u0435\\u043d\\u0438\\u044f \\u043f\\u0440\\u0430\\u043a\\u0442\\u0438\\u043a\\u0438\",\"key\":\"millised_on_ootused_praktikakohale_1593526964410\",\"label_pos\":\"hidden\",\"required\":1,\"default\":\"\",\"placeholder\":\"\\u041e\\u0436\\u0438\\u0434\\u0430\\u043d\\u0438\\u044f \\u043e\\u0442 \\u043c\\u0435\\u0441\\u0442\\u0430 \\u043f\\u0440\\u043e\\u0445\\u043e\\u0436\\u0434\\u0435\\u043d\\u0438\\u044f \\u043f\\u0440\\u0430\\u043a\\u0442\\u0438\\u043a\\u0438 *\",\"container_class\":\"\",\"element_class\":\"\",\"input_limit\":\"\",\"input_limit_type\":\"characters\",\"input_limit_msg\":\"Character(s) left\",\"manual_key\":\"\",\"admin_label\":\"\",\"help_text\":\"\",\"textarea_rte\":\"\",\"disable_rte_mobile\":\"\",\"textarea_media\":\"\",\"value\":\"\",\"drawerDisabled\":\"\",\"field_label\":\"Millised on ootused praktikakohale\",\"field_key\":\"millised_on_ootused_praktikakohale_1593526964410\",\"id\":265,\"beforeField\":\"\",\"afterField\":\"\",\"parentType\":\"textarea\",\"element_templates\":[\"textarea\",\"input\"],\"old_classname\":\"\",\"wrap_template\":\"wrap\"},{\"objectType\":\"Field\",\"objectDomain\":\"fields\",\"editActive\":false,\"order\":9,\"idAttribute\":\"id\",\"type\":\"listcheckbox\",\"label\":\"\\u0417\\u0430\\u0449\\u0438\\u0442\\u0430 \\u0434\\u0430\\u043d\\u043d\\u044b\\u0445\",\"key\":\"andmekaitse_1593443023684\",\"label_pos\":\"hidden\",\"required\":1,\"options\":[{\"errors\":[],\"max_options\":0,\"label\":\"\\u0421\\u043e\\u0433\\u043b\\u0430\\u0448\\u0430\\u044e\\u0441\\u044c \\u043d\\u0430 \\u043e\\u0431\\u0440\\u0430\\u0431\\u043e\\u0442\\u043a\\u0443 \\u0434\\u0430\\u043d\\u043d\\u044b\\u0445\",\"value\":\"noustun-andmetoeoetlusega\",\"calc\":\"\",\"selected\":0,\"order\":0,\"settingModel\":{\"settings\":false,\"hide_merge_tags\":false,\"error\":false,\"name\":\"options\",\"type\":\"option-repeater\",\"label\":\"Options <a href=\\\"#\\\" class=\\\"nf-add-new\\\">Add New<\\\/a> <a href=\\\"#\\\" class=\\\"extra nf-open-import-tooltip\\\"><i class=\\\"fa fa-sign-in\\\" aria-hidden=\\\"true\\\"><\\\/i> Import<\\\/a>\",\"width\":\"full\",\"group\":\"\",\"value\":[{\"label\":\"One\",\"value\":\"one\",\"calc\":\"\",\"selected\":0,\"order\":0},{\"label\":\"Two\",\"value\":\"two\",\"calc\":\"\",\"selected\":0,\"order\":1},{\"label\":\"Three\",\"value\":\"three\",\"calc\":\"\",\"selected\":0,\"order\":2}],\"columns\":{\"label\":{\"header\":\"Label\",\"default\":\"\"},\"value\":{\"header\":\"Value\",\"default\":\"\"},\"calc\":{\"header\":\"Calc Value\",\"default\":\"\"},\"selected\":{\"header\":\"<span class=\\\"dashicons dashicons-yes\\\"><\\\/span>\",\"default\":0}}},\"manual_value\":true}],\"container_class\":\"\",\"element_class\":\"\",\"admin_label\":\"\",\"help_text\":\"\",\"desc_text\":\"<p>\\u041f\\u043e\\u0434\\u0440\\u043e\\u0431\\u043d\\u0435\\u0435<a href=\\\"https:\\\/\\\/www.tlt.ee\\\/wp-content\\\/uploads\\\/2020\\\/07\\\/Isikuandmete-t%C3%B6%C3%B6tlemise-p%C3%B5him%C3%B5tted-19.12.2019.pdf\\\" target=\\\"_blank\\\">\\u0437\\u0434\\u0435\\u0441\\u044c<\\\/a><br><\\\/p>\",\"drawerDisabled\":\"\",\"field_label\":\"Andmekaitse\",\"field_key\":\"andmekaitse_1593443023684\",\"id\":259,\"beforeField\":\"\",\"afterField\":\"\",\"value\":\"\",\"parentType\":\"list\",\"element_templates\":[\"listcheckbox\",\"input\"],\"old_classname\":\"list-checkbox\",\"wrap_template\":\"wrap\"},{\"objectType\":\"Field\",\"objectDomain\":\"fields\",\"editActive\":false,\"order\":10,\"idAttribute\":\"id\",\"type\":\"submit\",\"label\":\"\\u041e\\u0442\\u043f\\u0440\\u0430\\u0432\\u0438\\u0442\\u044c\",\"processing_label\":\"\\u0418\\u0434\\u0435\\u0442 \\u0437\\u0430\\u0433\\u0440\\u0443\\u0437\\u043a\\u0430 ...\",\"container_class\":\"\",\"element_class\":\"\",\"key\":\"saada_1593439901707\",\"drawerDisabled\":\"\",\"field_label\":\"Saada\",\"field_key\":\"saada_1593439901707\",\"id\":258,\"beforeField\":\"\",\"afterField\":\"\",\"value\":\"\",\"label_pos\":\"hidden\",\"parentType\":\"textbox\",\"element_templates\":[\"submit\",\"button\",\"input\"],\"old_classname\":\"\",\"wrap_template\":\"wrap-no-label\"}];nfForms.push(form);<\/script>\n        \n\n\n\n<p><strong>\u0415\u0441\u043b\u0438 \u0443 \u0432\u0430\u0441 \u0435\u0441\u0442\u044c \u043a\u0430\u043a\u0438\u0435-\u043b\u0438\u0431\u043e \u0432\u043e\u043f\u0440\u043e\u0441\u044b, \u043e\u0442\u043f\u0440\u0430\u0432\u044c\u0442\u0435 \u044d\u043b\u0435\u043a\u0442\u0440\u043e\u043d\u043d\u043e\u0435 \u043f\u0438\u0441\u044c\u043c\u043e \u043f\u043e \u0430\u0434\u0440\u0435\u0441\u0443 <a rel=\"noreferrer noopener\" href=\"mailto:praktika@tlt.ee\" target=\"_blank\">praktika@tlt.ee<\/a><\/strong><\/p>\n","protected":false},"excerpt":{"rendered":"<p>\u0415\u0441\u043b\u0438 \u0443 \u0432\u0430\u0441 \u0435\u0441\u0442\u044c \u043a\u0430\u043a\u0438\u0435-\u043b\u0438\u0431\u043e \u0432\u043e\u043f\u0440\u043e\u0441\u044b, \u043e\u0442\u043f\u0440\u0430\u0432\u044c\u0442\u0435 \u044d\u043b\u0435\u043a\u0442\u0440\u043e\u043d\u043d\u043e\u0435 \u043f\u0438\u0441\u044c\u043c\u043e \u043f\u043e \u0430\u0434\u0440\u0435\u0441\u0443 praktika@tlt.ee<\/p>\n","protected":false},"author":1,"featured_media":0,"parent":3224,"menu_order":0,"comment_status":"closed","ping_status":"closed","template":"","meta":{"_acf_changed":false,"footnotes":"","_links_to":"","_links_to_target":""},"class_list":["post-3486","page","type-page","status-publish","hentry"],"acf":[],"_links":{"self":[{"href":"https:\/\/tlt.ee\/ru\/wp-json\/wp\/v2\/pages\/3486","targetHints":{"allow":["GET"]}}],"collection":[{"href":"https:\/\/tlt.ee\/ru\/wp-json\/wp\/v2\/pages"}],"about":[{"href":"https:\/\/tlt.ee\/ru\/wp-json\/wp\/v2\/types\/page"}],"author":[{"embeddable":true,"href":"https:\/\/tlt.ee\/ru\/wp-json\/wp\/v2\/users\/1"}],"replies":[{"embeddable":true,"href":"https:\/\/tlt.ee\/ru\/wp-json\/wp\/v2\/comments?post=3486"}],"version-history":[{"count":3,"href":"https:\/\/tlt.ee\/ru\/wp-json\/wp\/v2\/pages\/3486\/revisions"}],"predecessor-version":[{"id":38313,"href":"https:\/\/tlt.ee\/ru\/wp-json\/wp\/v2\/pages\/3486\/revisions\/38313"}],"up":[{"embeddable":true,"href":"https:\/\/tlt.ee\/ru\/wp-json\/wp\/v2\/pages\/3224"}],"wp:attachment":[{"href":"https:\/\/tlt.ee\/ru\/wp-json\/wp\/v2\/media?parent=3486"}],"curies":[{"name":"wp","href":"https:\/\/api.w.org\/{rel}","templated":true}]}}