{"id":3460,"date":"2020-09-21T11:10:21","date_gmt":"2020-09-21T08:10:21","guid":{"rendered":"https:\/\/www.tlt.ee\/%d0%ba%d1%83%d1%80%d1%81%d1%8b\/%d0%bf%d1%80%d0%b5%d0%b9%d1%81%d0%ba%d1%83%d1%80%d0%b0%d0%bd%d1%82-%d0%ba%d1%83%d1%80%d1%81%d0%be%d0%b2\/"},"modified":"2023-11-30T20:05:24","modified_gmt":"2023-11-30T17:05:24","slug":"%d0%bf%d1%80%d0%b5%d0%b9%d1%81%d0%ba%d1%83%d1%80%d0%b0%d0%bd%d1%82-%d0%ba%d1%83%d1%80%d1%81%d0%be%d0%b2","status":"publish","type":"page","link":"https:\/\/tlt.ee\/ru\/%d1%83%d1%81%d0%bb%d1%83%d0%b3%d0%b8\/koolitused\/%d0%bf%d1%80%d0%b5%d0%b9%d1%81%d0%ba%d1%83%d1%80%d0%b0%d0%bd%d1%82-%d0%ba%d1%83%d1%80%d1%81%d0%be%d0%b2\/","title":{"rendered":"\u041f\u0440\u0435\u0439\u0441\u043a\u0443\u0440\u0430\u043d\u0442 \u043a\u0443\u0440\u0441\u043e\u0432"},"content":{"rendered":"\n<h3 class=\"wp-block-heading\">\u041a\u0443\u0440\u0441\u044b<\/h3>\n\n\n\n<p><strong>\u041f\u0440\u0435\u0439\u0441\u043a\u0443\u0440\u0430\u043d\u0442, \u0434\u0435\u0439\u0441\u0442\u0432\u0443\u044e\u0449\u0438\u0439 \u0441 1 \u044f\u043d\u0432\u0430\u0440\u044f 2024 \u0433.<\/strong><\/p>\n\n\n\n<figure class=\"wp-block-table table-sm\"><table><thead><tr><th scope=\"row\"><br><br>\u041d\u0430\u0437\u0432\u0430\u043d\u0438\u0435 \u043a\u0443\u0440\u0441\u0430<\/th><th class=\"has-text-align-center\" data-align=\"center\" scope=\"row\">S\u00f5idu- tunde<\/th><th class=\"has-text-align-center\" data-align=\"center\" scope=\"row\">S\u00f5idutunni hind<\/th><th class=\"has-text-align-center\" data-align=\"center\" scope=\"row\">\u00d5ppes\u00f5idu hind<\/th><th class=\"has-text-align-center\" data-align=\"center\" scope=\"row\">Kursuse<br>hind<br>km-ta<\/th><th class=\"has-text-align-center\" data-align=\"center\" scope=\"row\">K\u00e4ibe-<br>maks<\/th><th class=\"has-text-align-center\" data-align=\"center\" scope=\"col\">Kursuse maksumus<br>kokku, EUR<\/th><\/tr><\/thead><tbody><tr><td>\u0412\u043e\u0434\u0438\u0442\u0435\u043b\u044c \u0430\u0432\u0442\u043e\u0442\u0440\u0430\u043d\u0441\u043f\u043e\u0440\u0442\u043d\u043e\u0433\u043e \u0441\u0440\u0435\u0434\u0441\u0442\u0432\u0430 \u043a\u0430\u0442\u0435\u0433\u043e\u0440\u0438\u0438 D<\/td><td class=\"has-text-align-center\" data-align=\"center\">20<\/td><td class=\"has-text-align-center\" data-align=\"center\">50<\/td><td class=\"has-text-align-center\" data-align=\"center\">1000<\/td><td class=\"has-text-align-center\" data-align=\"center\">1000<\/td><td class=\"has-text-align-center\" data-align=\"center\">220<\/td><td class=\"has-text-align-center\" data-align=\"center\">1220<\/td><\/tr><tr><td>\u0412\u043e\u0434\u0438\u0442\u0435\u043b\u044c \u0430\u0432\u0442\u043e\u0442\u0440\u0430\u043d\u0441\u043f\u043e\u0440\u0442\u043d\u043e\u0433\u043e \u0441\u0440\u0435\u0434\u0441\u0442\u0432\u0430 \u043a\u0430\u0442\u0435\u0433\u043e\u0440\u0438\u0438 \u0421<\/td><td class=\"has-text-align-center\" data-align=\"center\">10<\/td><td class=\"has-text-align-center\" data-align=\"center\">55<\/td><td class=\"has-text-align-center\" data-align=\"center\">550<\/td><td class=\"has-text-align-center\" data-align=\"center\">550<\/td><td class=\"has-text-align-center\" data-align=\"center\">121<\/td><td class=\"has-text-align-center\" data-align=\"center\">671<\/td><\/tr><tr><td>\u0412\u043e\u0434\u0438\u0442\u0435\u043b\u044c \u0430\u0432\u0442\u043e\u0442\u0440\u0430\u043d\u0441\u043f\u043e\u0440\u0442\u043d\u043e\u0433\u043e \u0441\u0440\u0435\u0434\u0441\u0442\u0432\u0430 \u043a\u0430\u0442\u0435\u0433\u043e\u0440\u0438\u0438 CE<\/td><td class=\"has-text-align-center\" data-align=\"center\">10<\/td><td class=\"has-text-align-center\" data-align=\"center\">60<\/td><td class=\"has-text-align-center\" data-align=\"center\">600<\/td><td class=\"has-text-align-center\" data-align=\"center\">600<\/td><td class=\"has-text-align-center\" data-align=\"center\">132<\/td><td class=\"has-text-align-center\" data-align=\"center\">732<\/td><\/tr><tr><td>\u0412\u043e\u0434\u0438\u0442\u0435\u043b\u044c \u0442\u0440\u0430\u043c\u0432\u0430\u044f<\/td><td class=\"has-text-align-center\" data-align=\"center\">40<\/td><td class=\"has-text-align-center\" data-align=\"center\">40<\/td><td class=\"has-text-align-center\" data-align=\"center\">1600<\/td><td class=\"has-text-align-center\" data-align=\"center\">1600<\/td><td class=\"has-text-align-center\" data-align=\"center\">352<\/td><td class=\"has-text-align-center\" data-align=\"center\">   1952\u00a0\u00a0\u00a0\u00a0\u00a0<\/td><\/tr><tr><td>\u0414\u043e\u043f\u043e\u043b\u043d\u0438\u0442\u0435\u043b\u044c\u043d\u0430\u044f \u0443\u0447\u0435\u0431\u043d\u0430\u044f \u043f\u043e\u0435\u0437\u0434\u043a\u0430 \u0438 \u044d\u043a\u0437\u0430\u043c\u0435\u043d \u0432 \u0414\u0435\u043f\u0430\u0440\u0442\u0430\u043c\u0435\u043d\u0442\u0435 \u0448\u043e\u0441\u0441\u0435\u0439\u043d\u044b\u0445 \u0434\u043e\u0440\u043e\u0433:<br>\u041a\u0430\u0442\u0435\u0433\u043e\u0440\u0438\u044f D<br>\u041a\u0430\u0442\u0435\u0433\u043e\u0440\u0438\u044f C<br>\u041a\u0430\u0442\u0435\u0433\u043e\u0440\u0438\u044f CE<\/td><td class=\"has-text-align-center\" data-align=\"center\">1<br>1<br>1<\/td><td class=\"has-text-align-center\" data-align=\"center\">50<br>55<br>60<\/td><td class=\"has-text-align-center\" data-align=\"center\">&nbsp;<\/td><td class=\"has-text-align-center\" data-align=\"center\">&nbsp;<\/td><td class=\"has-text-align-center\" data-align=\"center\">11<br>12.10<br>13.20<\/td><td class=\"has-text-align-center\" data-align=\"center\">61<br>67.10<br>73.20<\/td><\/tr><\/tbody><\/table><\/figure>\n\n\n\n<h3 class=\"wp-block-heading\">\u041f\u0440\u043e\u0444\u0435\u0441\u0441\u0438\u043e\u043d\u0430\u043b\u044c\u043d\u043e\u0435 \u043e\u0431\u0443\u0447\u0435\u043d\u0438\u0435<\/h3>\n\n\n\n<figure class=\"wp-block-table table-sm\"><table><thead><tr><th scope=\"row\">Kursuse nimetus<\/th><th scope=\"row\">Teooria hind<\/th><th scope=\"row\">S\u00f5idu-tunde<\/th><th scope=\"row\">S\u00f5idutunni hind<\/th><th scope=\"row\">\u00d5ppes\u00f5idu hind<\/th><th scope=\"row\">Kursuse<br>hind<br>km-ta<\/th><th scope=\"row\">K\u00e4ibe-<br>maks<\/th><th scope=\"col\">Kursuse maksumus<br>kokku, EUR<\/th><\/tr><\/thead><tbody><tr><td>\u041a\u0443\u0440\u0441\u044b \u043f\u043e\u0432\u044b\u0448\u0435\u043d\u0438\u044f \u043a\u0432\u0430\u043b\u0438\u0444\u0438\u043a\u0430\u0446\u0438\u0438 \u0434\u043b\u044f \u0432\u043e\u0434\u0438\u0442\u0435\u043b\u0435\u0439 \u0430\u0432\u0442\u043e\u0431\u0443\u0441\u043e\u0432 (35  \u0447\u0430\u0441\u043e\u0432)<\/td><td>185<\/td><td>&nbsp;<\/td><td>&nbsp;<\/td><td>&nbsp;<\/td><td>185<\/td><td>40.70<\/td><td>225.70<\/td><\/tr><tr><td>\u0423\u0441\u043a\u043e\u0440\u0435\u043d\u043d\u0430\u044f \u043f\u0440\u043e\u0444\u0435\u0441\u0441\u0438\u043e\u043d\u0430\u043b\u044c\u043d\u0430\u044f \u043f\u043e\u0434\u0433\u043e\u0442\u043e\u0432\u043a\u0430 \u0432\u043e\u0434\u0438\u0442\u0435\u043b\u0435\u0439 \u0430\u0432\u0442\u043e\u0431\u0443\u0441\u043e\u0432 (140 \u0447\u0430\u0441\u043e\u0432)<br>\u2013 \u043e\u0431\u0443\u0447\u0435\u043d\u0438\u0435 \u0442\u0435\u043e\u0440\u0438\u0438 (74 \u0447)<br>\u2013 \u0443\u0447\u0435\u0431\u043d\u0430\u044f \u043f\u043e\u0435\u0437\u0434\u043a\u0430 (10 \u0447)<br>\u2013 \u043f\u0440\u0430\u043a\u0442\u0438\u043a\u0430 (56 \u0447)<br>\u0412\u0441\u0435\u0433\u043e:<\/td><td>&nbsp;300<br><\/td><td>10<\/td><td>50<\/td><td>500<\/td><td>300<br>500<br>150<\/td><td>66<br>110<br>33<\/td><td><br>366<br>610<br>183<br>1159<\/td><\/tr><\/tbody><\/table><\/figure>\n\n\n\n<h3 class=\"wp-block-heading\"> \u0418\u0441\u043f\u043e\u043b\u044c\u0437\u043e\u0432\u0430\u043d\u0438\u0435 \u0443\u0447\u0435\u0431\u043d\u043e\u0433\u043e \u043f\u043b\u043e\u0448\u0430\u0434\u0438 <\/h3>\n\n\n\n<figure class=\"wp-block-table is-style-regular\"><table><thead><tr><th><\/th><th>Hind ilma km-ta<\/th><th>K\u00e4ibemaks<\/th><th>Kokku<\/th><\/tr><\/thead><tbody><tr><td> \u043a\u0430\u0442\u0435\u0433\u043e\u0440\u0438\u0438 D \u0438\u043b\u0438 C (\u0447\u0430\u0441)<\/td><td>10<\/td><td>2.20<\/td><td>12.20<\/td><\/tr><tr><td> \u043a\u0430\u0442\u0435\u0433\u043e\u0440\u0438a CE (\u0447\u0430\u0441)<\/td><td>15<\/td><td>3.30<\/td><td>18.30<\/td><\/tr><\/tbody><\/table><\/figure>\n","protected":false},"excerpt":{"rendered":"<p>\u041a\u0443\u0440\u0441\u044b \u041f\u0440\u0435\u0439\u0441\u043a\u0443\u0440\u0430\u043d\u0442, \u0434\u0435\u0439\u0441\u0442\u0432\u0443\u044e\u0449\u0438\u0439 \u0441 1 \u044f\u043d\u0432\u0430\u0440\u044f 2024 \u0433. \u041d\u0430\u0437\u0432\u0430\u043d\u0438\u0435 \u043a\u0443\u0440\u0441\u0430 S\u00f5idu- tunde S\u00f5idutunni hind \u00d5ppes\u00f5idu hind Kursusehindkm-ta K\u00e4ibe-maks Kursuse maksumuskokku, EUR \u0412\u043e\u0434\u0438\u0442\u0435\u043b\u044c \u0430\u0432\u0442\u043e\u0442\u0440\u0430\u043d\u0441\u043f\u043e\u0440\u0442\u043d\u043e\u0433\u043e \u0441\u0440\u0435\u0434\u0441\u0442\u0432\u0430 \u043a\u0430\u0442\u0435\u0433\u043e\u0440\u0438\u0438 D 20 50 1000 1000 220 1220 \u0412\u043e\u0434\u0438\u0442\u0435\u043b\u044c \u0430\u0432\u0442\u043e\u0442\u0440\u0430\u043d\u0441\u043f\u043e\u0440\u0442\u043d\u043e\u0433\u043e \u0441\u0440\u0435\u0434\u0441\u0442\u0432\u0430 \u043a\u0430\u0442\u0435\u0433\u043e\u0440\u0438\u0438 \u0421 10 55 550 550 121 671 \u0412\u043e\u0434\u0438\u0442\u0435\u043b\u044c \u0430\u0432\u0442\u043e\u0442\u0440\u0430\u043d\u0441\u043f\u043e\u0440\u0442\u043d\u043e\u0433\u043e \u0441\u0440\u0435\u0434\u0441\u0442\u0432\u0430 \u043a\u0430\u0442\u0435\u0433\u043e\u0440\u0438\u0438 CE 10 60 600 600 132 732 \u0412\u043e\u0434\u0438\u0442\u0435\u043b\u044c &hellip; <a href=\"https:\/\/tlt.ee\/ru\/%d1%83%d1%81%d0%bb%d1%83%d0%b3%d0%b8\/koolitused\/%d0%bf%d1%80%d0%b5%d0%b9%d1%81%d0%ba%d1%83%d1%80%d0%b0%d0%bd%d1%82-%d0%ba%d1%83%d1%80%d1%81%d0%be%d0%b2\/\" aria-label=\"Read more: \u041f\u0440\u0435\u0439\u0441\u043a\u0443\u0440\u0430\u043d\u0442 \u043a\u0443\u0440\u0441\u043e\u0432\">Read more<\/a><\/p>\n","protected":false},"author":1,"featured_media":0,"parent":3228,"menu_order":0,"comment_status":"closed","ping_status":"closed","template":"","meta":{"_acf_changed":false,"footnotes":"","_links_to":"","_links_to_target":""},"class_list":["post-3460","page","type-page","status-publish","hentry"],"acf":[],"_links":{"self":[{"href":"https:\/\/tlt.ee\/ru\/wp-json\/wp\/v2\/pages\/3460","targetHints":{"allow":["GET"]}}],"collection":[{"href":"https:\/\/tlt.ee\/ru\/wp-json\/wp\/v2\/pages"}],"about":[{"href":"https:\/\/tlt.ee\/ru\/wp-json\/wp\/v2\/types\/page"}],"author":[{"embeddable":true,"href":"https:\/\/tlt.ee\/ru\/wp-json\/wp\/v2\/users\/1"}],"replies":[{"embeddable":true,"href":"https:\/\/tlt.ee\/ru\/wp-json\/wp\/v2\/comments?post=3460"}],"version-history":[{"count":6,"href":"https:\/\/tlt.ee\/ru\/wp-json\/wp\/v2\/pages\/3460\/revisions"}],"predecessor-version":[{"id":51476,"href":"https:\/\/tlt.ee\/ru\/wp-json\/wp\/v2\/pages\/3460\/revisions\/51476"}],"up":[{"embeddable":true,"href":"https:\/\/tlt.ee\/ru\/wp-json\/wp\/v2\/pages\/3228"}],"wp:attachment":[{"href":"https:\/\/tlt.ee\/ru\/wp-json\/wp\/v2\/media?parent=3460"}],"curies":[{"name":"wp","href":"https:\/\/api.w.org\/{rel}","templated":true}]}}