{"id":82282,"date":"2025-03-18T15:42:59","date_gmt":"2025-03-18T12:42:59","guid":{"rendered":"https:\/\/tlt.ee\/?page_id=82282"},"modified":"2025-06-30T09:00:58","modified_gmt":"2025-06-30T06:00:58","slug":"leitud-esemed","status":"publish","type":"page","link":"https:\/\/tlt.ee\/en\/for-passengers\/leitud-esemed\/","title":{"rendered":"Leitud esemed"},"content":{"rendered":"<div class=\"page-header\">\n            <div class=\"container breadcrumbs-container\">\n            <nav class=\"breadcrumbs\" aria-label=\"Leivapuru\" typeof=\"BreadcrumbList\" vocab=\"https:\/\/schema.org\/\">\n        <span property=\"itemListElement\" typeof=\"ListItem\"><a property=\"item\" typeof=\"WebPage\" title=\"Go to Home.\" href=\"https:\/\/tlt.ee\/en\/\" class=\"home\" ><span property=\"name\">Home <\/span><\/a><meta property=\"position\" content=\"1\"><\/span>\/<span property=\"itemListElement\" typeof=\"ListItem\"><a property=\"item\" typeof=\"WebPage\" title=\"Go to News.\" href=\"https:\/\/tlt.ee\/en\/news\/\" class=\"post-root post post-post\" aria-current=\"page\"><span property=\"name\">News<\/span><\/a><meta property=\"position\" content=\"2\"><\/span>\n    <\/nav>\n        <\/div>\n        <div class=\"container\">\n        <div class=\"description\">\n                            <h1 class=\"page-header-title\">Leitud esemed<\/h1>\n                                                    <div class=\"lead-text\">\n                    <p>Informatsiooni \u00fchiss\u00f5idukist leitud esemete kohta saab infotelefoni numbril 643 4142 v\u00f5i e-posti aadressil info@tlt.ee. <span data-teams=\"true\">Kaotatud esemete leidmiseks peab teadma \u00fchiss\u00f5iduki liiki, liini numbrit ja kuup\u00e4eva millal ese \u00fchiss\u00f5idukisse unustati.<\/span><\/p>\n<p>TLT hoiustab leitud asju maksimaalselt 30 p\u00e4eva. Leitud asjad tagastatakse isikule eelnevalt kokku lepitud p\u00e4eval aadressil Kadaka tee 62a E-R kell 8.00-16.30 isikut t\u00f5endava dokumendi alusel.<\/p>\n<p><span data-teams=\"true\">TLT ja \u00fchiss\u00f5idukijuhid ei vastuta \u00fchiss\u00f5idukisse j\u00e4etud esemete ja nende seisukorra eest ning ei garanteeri, et k\u00f5ik \u00fchiss\u00f5idukisse unustatu esemed j\u00f5uavad leiuna TLT k\u00e4tte, mis oleks v\u00f5imalik omanikule tagastada.<\/span><\/p>\n\n                <\/div>\n                                            <\/div>\n\n            <\/div>\n\n    \n                <\/div>\n\n","protected":false},"excerpt":{"rendered":"","protected":false},"author":1,"featured_media":0,"parent":82381,"menu_order":0,"comment_status":"closed","ping_status":"closed","template":"template-found-items.blade.php","meta":{"_acf_changed":false,"footnotes":"","_links_to":"","_links_to_target":""},"class_list":["post-82282","page","type-page","status-publish","hentry"],"acf":[],"_links":{"self":[{"href":"https:\/\/tlt.ee\/en\/wp-json\/wp\/v2\/pages\/82282","targetHints":{"allow":["GET"]}}],"collection":[{"href":"https:\/\/tlt.ee\/en\/wp-json\/wp\/v2\/pages"}],"about":[{"href":"https:\/\/tlt.ee\/en\/wp-json\/wp\/v2\/types\/page"}],"author":[{"embeddable":true,"href":"https:\/\/tlt.ee\/en\/wp-json\/wp\/v2\/users\/1"}],"replies":[{"embeddable":true,"href":"https:\/\/tlt.ee\/en\/wp-json\/wp\/v2\/comments?post=82282"}],"version-history":[{"count":6,"href":"https:\/\/tlt.ee\/en\/wp-json\/wp\/v2\/pages\/82282\/revisions"}],"predecessor-version":[{"id":91066,"href":"https:\/\/tlt.ee\/en\/wp-json\/wp\/v2\/pages\/82282\/revisions\/91066"}],"up":[{"embeddable":true,"href":"https:\/\/tlt.ee\/en\/wp-json\/wp\/v2\/pages\/82381"}],"wp:attachment":[{"href":"https:\/\/tlt.ee\/en\/wp-json\/wp\/v2\/media?parent=82282"}],"curies":[{"name":"wp","href":"https:\/\/api.w.org\/{rel}","templated":true}]}}