{"id":82230,"date":"2025-03-18T15:11:24","date_gmt":"2025-03-18T12:11:24","guid":{"rendered":"https:\/\/tlt.ee\/home-2\/"},"modified":"2025-05-23T11:55:39","modified_gmt":"2025-05-23T08:55:39","slug":"home-2","status":"publish","type":"page","link":"https:\/\/tlt.ee\/en\/","title":{"rendered":"Home"},"content":{"rendered":"<div class=\"container full-container\">\n    <div class=\"wp-block-banner\" style=\"\">\n        <div class=\"swiper\">\n            <div class=\"swiper-wrapper\">\n                                                            <div class=\"swiper-slide\">\n                            <img decoding=\"async\" src=\"https:\/\/tlt.ee\/wp-content\/uploads\/2025\/03\/Gaasibuss-scaled-1.jpg\" class=\"card-img-top\"\n                                alt=\"test\">\n                        <\/div>\n                                            <div class=\"swiper-slide\">\n                            <img decoding=\"async\" src=\"https:\/\/tlt.ee\/wp-content\/uploads\/2025\/05\/Pressifoto-tlt-elektribuss-Mark-Kitajev-1-e1747218871554.jpg\" class=\"card-img-top\"\n                                alt=\"\">\n                        <\/div>\n                                            <div class=\"swiper-slide\">\n                            <img decoding=\"async\" src=\"https:\/\/tlt.ee\/wp-content\/uploads\/2025\/04\/78A2833-e1744186859946.jpg\" class=\"card-img-top\"\n                                alt=\"\">\n                        <\/div>\n                                            <div class=\"swiper-slide\">\n                            <img decoding=\"async\" src=\"https:\/\/tlt.ee\/wp-content\/uploads\/2025\/05\/Pressifoto_Copyright-Tiit-Veermae-1536x1100-1.jpg\" class=\"card-img-top\"\n                                alt=\"\">\n                        <\/div>\n                                                <\/div>\n            \n                    <\/div>\n            <\/div>\n\n    <\/div>\n\n\n<div class=\"container\">\n        <div class=\"links-wrap\">\n                                                        <a href=\"https:\/\/transport.tallinn.ee\/#\/en\" class=\"button-info\" target=\"\">\n                        Timetables\n                    <\/a>\n                                                                <a href=\"https:\/\/tlt.ee\/soitjale\/leitud-esemed\/\" class=\"button-info\" target=\"\">\n                        Lost &amp; Found\n                    <\/a>\n                                                                <a href=\"https:\/\/www.tallinn.ee\/en\/pilet\/ticket-information-tourists\" class=\"button-info\" target=\"\">\n                        Ticket information\n                    <\/a>\n                                        <\/div>\n<\/div>\n\n\n<div class=\"\">\n    <div class=\"container numbers \">\n                    <h2 class=\"sub-title\">TLT in numbers<\/h2>\n                <div class=\"icons\">\n                            <div class=\"icon-block\">\n                    <div class=\"icon icon_bus \">\n                    <\/div>\n                    <div class=\"description\">\n                        <p><strong>557 buses<\/strong><\/p>\n\n                    <\/div>\n                <\/div>\n                            <div class=\"icon-block\">\n                    <div class=\"icon icon_tram \">\n                    <\/div>\n                    <div class=\"description\">\n                        <p><strong>65 trams<\/strong><\/p>\n\n                    <\/div>\n                <\/div>\n                            <div class=\"icon-block\">\n                    <div class=\"icon icon_troll \">\n                    <\/div>\n                    <div class=\"description\">\n                        <p><strong>0 trolleybuses<\/strong><\/p>\n\n                    <\/div>\n                <\/div>\n                            <div class=\"icon-block\">\n                    <div class=\"icon icon_social_bus \">\n                    <\/div>\n                    <div class=\"description\">\n                        <p><strong>42 social buses<\/strong><\/p>\n\n                    <\/div>\n                <\/div>\n                    <\/div>\n    <\/div>\n<\/div>\n\n\n<div class=\"dark-container\">\n    <div class=\"container numbers dark\">\n                <div class=\"icons\">\n                            <div class=\"icon-block\">\n                    <div class=\"icon icon_crew wide\">\n                    <\/div>\n                    <div class=\"description\">\n                        <p><strong>Over 2000<\/strong> people work at TLT, about 1500 of them are drivers<\/p>\n\n                    <\/div>\n                <\/div>\n                            <div class=\"icon-block\">\n                    <div class=\"icon icon_road wide\">\n                    <\/div>\n                    <div class=\"description\">\n                        <p>TLT vehicles travel <strong>over 40 million<\/strong> kilometers per year<\/p>\n\n                    <\/div>\n                <\/div>\n                            <div class=\"icon-block\">\n                    <div class=\"icon icon_station wide\">\n                    <\/div>\n                    <div class=\"description\">\n                        <p>Nearly <strong>180 000<\/strong> passengers are served daily<\/p>\n\n                    <\/div>\n                <\/div>\n                            <div class=\"icon-block\">\n                    <div class=\"icon icon_passengers wide\">\n                    <\/div>\n                    <div class=\"description\">\n                        <p>Nearly <strong>460 buses<\/strong> and <strong>50 trams<\/strong> are in traffic on weekdays<\/p>\n\n                    <\/div>\n                <\/div>\n                            <div class=\"icon-block\">\n                    <div class=\"icon icon_route wide\">\n                    <\/div>\n                    <div class=\"description\">\n                        <p>The longest route operated by TLT is <strong>13 V\u00e4ike-\u00d5ism\u00e4e \u2013 Priisle <\/strong>with a round trip of\u00a054 km<\/p>\n\n                    <\/div>\n                <\/div>\n                            <div class=\"icon-block\">\n                    <div class=\"icon icon_bus_age wide\">\n                    <\/div>\n                    <div class=\"description\">\n                        <p>The average age of our buses is <strong>5,4 years<\/strong><\/p>\n\n                    <\/div>\n                <\/div>\n                    <\/div>\n    <\/div>\n<\/div>\n","protected":false},"excerpt":{"rendered":"","protected":false},"author":1,"featured_media":0,"parent":0,"menu_order":5,"comment_status":"closed","ping_status":"closed","template":"","meta":{"_acf_changed":false,"footnotes":"","_links_to":"","_links_to_target":""},"class_list":["post-82230","page","type-page","status-publish","hentry"],"acf":[],"_links":{"self":[{"href":"https:\/\/tlt.ee\/en\/wp-json\/wp\/v2\/pages\/82230","targetHints":{"allow":["GET"]}}],"collection":[{"href":"https:\/\/tlt.ee\/en\/wp-json\/wp\/v2\/pages"}],"about":[{"href":"https:\/\/tlt.ee\/en\/wp-json\/wp\/v2\/types\/page"}],"author":[{"embeddable":true,"href":"https:\/\/tlt.ee\/en\/wp-json\/wp\/v2\/users\/1"}],"replies":[{"embeddable":true,"href":"https:\/\/tlt.ee\/en\/wp-json\/wp\/v2\/comments?post=82230"}],"version-history":[{"count":8,"href":"https:\/\/tlt.ee\/en\/wp-json\/wp\/v2\/pages\/82230\/revisions"}],"predecessor-version":[{"id":87972,"href":"https:\/\/tlt.ee\/en\/wp-json\/wp\/v2\/pages\/82230\/revisions\/87972"}],"wp:attachment":[{"href":"https:\/\/tlt.ee\/en\/wp-json\/wp\/v2\/media?parent=82230"}],"curies":[{"name":"wp","href":"https:\/\/api.w.org\/{rel}","templated":true}]}}