{"id":3084,"date":"2020-07-20T22:49:42","date_gmt":"2020-07-20T19:49:42","guid":{"rendered":"https:\/\/www.tlt.ee\/lost-and-found\/"},"modified":"2024-09-30T11:06:19","modified_gmt":"2024-09-30T08:06:19","slug":"lost-and-found-items","status":"publish","type":"page","link":"https:\/\/tlt.ee\/en\/lost-and-found-items\/","title":{"rendered":"Lost and found items"},"content":{"rendered":"\n<p>You can obtain information about items found in public transport vehicles by contacting the information centre at +372 643 4142.<\/p>\n\n\n\n<p>TLT bases its actions regarding found items on the rights and obligations set forth in the Property Law Act and the standard TLT handling procedure for items forgotten in its vehicles.<\/p>\n\n\n\n<p>TLT stores found items for a maximum of 60 days. Found items are returned at the address Kadaka tee 62a, on working days, from 08:00-16:30, upon showing a valid identification document. The handover time must be agreed in advance by calling 6434142<\/p>\n\n\n\n<p class=\"has-medium-font-size\">To see found items, please click here:<a href=\"https:\/\/www.tlt.ee\/unustatud-esemed\"><strong><mark style=\"background-color:rgba(0, 0, 0, 0)\" class=\"has-inline-color has-vivid-red-color\">Photos of found items<\/mark><\/strong><\/a><\/p>\n\n\n\n<p>To declare an item missing, please fill out the form below.<\/p>\n\n\n\n<p class=\"nf-required-notice\"><span class=\"nf-required-notice__symbol\" aria-hidden=\"true\">*<\/span> Kohustuslikud v\u00e4ljad on t\u00e4histatud t\u00e4rniga<\/p><noscript class=\"ninja-forms-noscript-message\">\n\tNotice: JavaScript is required for this content.<\/noscript>\n<div id=\"nf-form-11-cont\" class=\"nf-form-cont\" aria-live=\"polite\" aria-labelledby=\"nf-form-title-11\" aria-describedby=\"nf-form-errors-11\" role=\"form\">\n\n    <div class=\"nf-loading-spinner\"><\/div>\n\n<\/div>\n        <!-- That data is being printed as a workaround to page builders reordering the order of the scripts loaded-->\n        <script>var formDisplay=1;var nfForms=nfForms||[];var form=[];form.id='11';form.settings={\"objectType\":\"Form Setting\",\"editActive\":true,\"title\":\"Lost and found items\",\"default_label_pos\":\"hidden\",\"show_title\":\"0\",\"clear_complete\":\"1\",\"hide_complete\":\"1\",\"logged_in\":\"\",\"wrapper_class\":\"\",\"element_class\":\"\",\"key\":\"\",\"add_submit\":\"0\",\"changeEmailErrorMsg\":\"Palun sisestage kehtiv e-posti aadress!\",\"changeDateErrorMsg\":\"Palun sisestage kehtiv kuup\\u00e4ev!\",\"confirmFieldErrorMsg\":\"Need v\\u00e4ljad peavad kattuma!\",\"fieldNumberNumMinError\":\"Number Min Error\",\"fieldNumberNumMaxError\":\"Number Max Error\",\"fieldNumberIncrementBy\":\"Please increment by \",\"formErrorsCorrectErrors\":\"Palun parandage vead enne vormi esitamist.\",\"validateRequiredField\":\"See v\\u00e4li on kohustuslik.\",\"honeypotHoneypotError\":\"Honeypot Error\",\"fieldsMarkedRequired\":\"T\\u00e4rniga * m\\u00e4rgitud v\\u00e4ljad on kohustuslikud.\",\"currency\":\"\",\"unique_field_error\":\"A form with this value has already been submitted.\",\"not_logged_in_msg\":\"\",\"sub_limit_msg\":\"The form has reached its submission limit.\",\"calculations\":[],\"formContentData\":[\"ees-_ja_perekonnanimi_1593526832776\",\"e-mail_1593526870234\",\"telefon_1593526883383\",\"mis_kadus_ja_eseme_kirjeldus_1593527650631\",\"kadumise_kuupaeev_1593527977667\",\"textbox_1593527971988\",\"millises_soidukis_kadus_1593527757953\",\"liin_ja_suund_1593527822932\",\"andmekaitse_1593443023684\",\"saada_1593439901707\"],\"drawerDisabled\":false,\"allow_public_link\":0,\"embed_form\":\"\",\"form_title_heading_level\":\"3\",\"ninjaForms\":\"Ninja Forms\",\"fieldTextareaRTEInsertLink\":\"Insert Link\",\"fieldTextareaRTEInsertMedia\":\"Insert Media\",\"fieldTextareaRTESelectAFile\":\"Select a file\",\"formHoneypot\":\"If you are a human seeing this field, please leave it empty.\",\"fileUploadOldCodeFileUploadInProgress\":\"File Upload in Progress.\",\"fileUploadOldCodeFileUpload\":\"FILE UPLOAD\",\"currencySymbol\":\"&euro;\",\"thousands_sep\":\",\",\"decimal_point\":\".\",\"siteLocale\":\"en_US\",\"dateFormat\":\"d.m.Y\",\"startOfWeek\":\"1\",\"of\":\"of\",\"previousMonth\":\"Previous Month\",\"nextMonth\":\"Next Month\",\"months\":[\"January\",\"February\",\"March\",\"April\",\"May\",\"June\",\"July\",\"August\",\"September\",\"October\",\"November\",\"December\"],\"monthsShort\":[\"Jan\",\"Feb\",\"Mar\",\"Apr\",\"May\",\"Jun\",\"Jul\",\"Aug\",\"Sep\",\"Oct\",\"Nov\",\"Dec\"],\"weekdays\":[\"Sunday\",\"Monday\",\"Tuesday\",\"Wednesday\",\"Thursday\",\"Friday\",\"Saturday\"],\"weekdaysShort\":[\"Sun\",\"Mon\",\"Tue\",\"Wed\",\"Thu\",\"Fri\",\"Sat\"],\"weekdaysMin\":[\"Su\",\"Mo\",\"Tu\",\"We\",\"Th\",\"Fr\",\"Sa\"],\"recaptchaConsentMissing\":\"reCaptcha validation couldn&#039;t load.\",\"recaptchaMissingCookie\":\"reCaptcha v3 validation couldn&#039;t load the cookie needed to submit the form.\",\"recaptchaConsentEvent\":\"Accept reCaptcha cookies before sending the form.\",\"currency_symbol\":\"\",\"beforeForm\":\"\",\"beforeFields\":\"\",\"afterFields\":\"\",\"afterForm\":\"\"};form.fields=[{\"objectType\":\"Field\",\"objectDomain\":\"fields\",\"editActive\":false,\"order\":1,\"idAttribute\":\"id\",\"type\":\"textbox\",\"label\":\"First name and family name\",\"key\":\"ees-_ja_perekonnanimi_1593526832776\",\"label_pos\":\"hidden\",\"required\":1,\"default\":\"\",\"placeholder\":\"First name and family name *\",\"container_class\":\"\",\"element_class\":\"\",\"input_limit\":\"\",\"input_limit_type\":\"characters\",\"input_limit_msg\":\"Character(s) left\",\"manual_key\":\"\",\"admin_label\":\"\",\"help_text\":\"\",\"mask\":\"\",\"custom_mask\":\"\",\"custom_name_attribute\":\"\",\"personally_identifiable\":\"\",\"value\":\"\",\"drawerDisabled\":false,\"field_label\":\"Ees- ja perekonnanimi\",\"field_key\":\"ees-_ja_perekonnanimi_1593526832776\",\"id\":70,\"beforeField\":\"\",\"afterField\":\"\",\"parentType\":\"textbox\",\"element_templates\":[\"textbox\",\"input\"],\"old_classname\":\"\",\"wrap_template\":\"wrap\",\"nf_wcag_autocomplete\":\"name\"},{\"objectType\":\"Field\",\"objectDomain\":\"fields\",\"editActive\":false,\"order\":2,\"idAttribute\":\"id\",\"type\":\"email\",\"label\":\"E-mail\",\"key\":\"e-mail_1593526870234\",\"label_pos\":\"hidden\",\"required\":1,\"default\":\"\",\"placeholder\":\"E-mail *\",\"container_class\":\"\",\"element_class\":\"\",\"admin_label\":\"\",\"help_text\":\"<p><br><\\\/p>\",\"custom_name_attribute\":\"email\",\"personally_identifiable\":1,\"value\":\"\",\"drawerDisabled\":\"\",\"field_label\":\"E-mail\",\"field_key\":\"e-mail_1593526870234\",\"id\":71,\"beforeField\":\"\",\"afterField\":\"\",\"parentType\":\"email\",\"element_templates\":[\"email\",\"input\"],\"old_classname\":\"\",\"wrap_template\":\"wrap\"},{\"objectType\":\"Field\",\"objectDomain\":\"fields\",\"editActive\":false,\"order\":3,\"idAttribute\":\"id\",\"type\":\"textbox\",\"label\":\"Phone\",\"key\":\"telefon_1593526883383\",\"label_pos\":\"hidden\",\"required\":\"\",\"default\":\"\",\"placeholder\":\"Phone\",\"container_class\":\"\",\"element_class\":\"\",\"input_limit\":\"\",\"input_limit_type\":\"characters\",\"input_limit_msg\":\"Character(s) left\",\"manual_key\":\"\",\"admin_label\":\"\",\"help_text\":\"\",\"mask\":\"\",\"custom_mask\":\"\",\"custom_name_attribute\":\"\",\"personally_identifiable\":\"\",\"value\":\"\",\"drawerDisabled\":\"\",\"field_label\":\"Telefon\",\"field_key\":\"telefon_1593526883383\",\"id\":72,\"beforeField\":\"\",\"afterField\":\"\",\"parentType\":\"textbox\",\"element_templates\":[\"textbox\",\"input\"],\"old_classname\":\"\",\"wrap_template\":\"wrap\"},{\"objectType\":\"Field\",\"objectDomain\":\"fields\",\"editActive\":false,\"order\":4,\"idAttribute\":\"id\",\"type\":\"textarea\",\"label\":\"What was lost and description of item\",\"key\":\"mis_kadus_ja_eseme_kirjeldus_1593527650631\",\"label_pos\":\"hidden\",\"required\":1,\"default\":\"\",\"placeholder\":\"What was lost and description of item *\",\"container_class\":\"\",\"element_class\":\"\",\"input_limit\":\"\",\"input_limit_type\":\"characters\",\"input_limit_msg\":\"Character(s) left\",\"manual_key\":false,\"admin_label\":\"\",\"help_text\":\"\",\"textarea_rte\":\"\",\"disable_rte_mobile\":\"\",\"textarea_media\":\"\",\"value\":\"\",\"drawerDisabled\":false,\"id\":77,\"beforeField\":\"\",\"afterField\":\"\",\"parentType\":\"textarea\",\"element_templates\":[\"textarea\",\"input\"],\"old_classname\":\"\",\"wrap_template\":\"wrap\"},{\"objectType\":\"Field\",\"objectDomain\":\"fields\",\"editActive\":false,\"order\":6,\"idAttribute\":\"id\",\"type\":\"textbox\",\"label\":\"Date item was lost\",\"key\":\"kadumise_kuupaeev_1593527977667\",\"label_pos\":\"hidden\",\"required\":1,\"default\":\"\",\"placeholder\":\"Date item was lost *\",\"container_class\":\"\",\"element_class\":\"\",\"input_limit\":\"\",\"input_limit_type\":\"characters\",\"input_limit_msg\":\"Character(s) left\",\"manual_key\":false,\"admin_label\":\"\",\"help_text\":\"\",\"mask\":\"\",\"custom_mask\":\"\",\"custom_name_attribute\":\"\",\"personally_identifiable\":\"\",\"value\":\"\",\"drawerDisabled\":false,\"id\":79,\"beforeField\":\"\",\"afterField\":\"\",\"parentType\":\"textbox\",\"element_templates\":[\"textbox\",\"input\"],\"old_classname\":\"\",\"wrap_template\":\"wrap\"},{\"objectType\":\"Field\",\"objectDomain\":\"fields\",\"editActive\":false,\"order\":6,\"idAttribute\":\"id\",\"type\":\"textbox\",\"label\":\"Time item was lost Copy\",\"key\":\"textbox_1593527971988\",\"label_pos\":\"hidden\",\"required\":1,\"default\":\"\",\"placeholder\":\"Time item was lost *\",\"container_class\":\"\",\"element_class\":\"\",\"input_limit\":\"\",\"input_limit_type\":\"characters\",\"input_limit_msg\":\"Character(s) left\",\"manual_key\":false,\"admin_label\":\"\",\"help_text\":\"\",\"mask\":\"\",\"custom_mask\":\"\",\"custom_name_attribute\":\"\",\"personally_identifiable\":\"\",\"value\":\"\",\"drawerDisabled\":false,\"id\":82,\"beforeField\":\"\",\"afterField\":\"\",\"parentType\":\"textbox\",\"element_templates\":[\"textbox\",\"input\"],\"old_classname\":\"\",\"wrap_template\":\"wrap\"},{\"objectType\":\"Field\",\"objectDomain\":\"fields\",\"editActive\":false,\"order\":7,\"idAttribute\":\"id\",\"type\":\"listselect\",\"label\":\"In which vehicle did you lose it?\",\"key\":\"millises_soidukis_kadus_1593527757953\",\"label_pos\":\"above\",\"required\":1,\"options\":[{\"errors\":[],\"max_options\":0,\"label\":\"Bus\",\"value\":\"buss\",\"calc\":\"\",\"selected\":1,\"order\":0,\"settingModel\":{\"settings\":false,\"hide_merge_tags\":false,\"error\":false,\"name\":\"options\",\"type\":\"option-repeater\",\"label\":\"Options <a href=\\\"#\\\" class=\\\"nf-add-new\\\">Add New<\\\/a> <a href=\\\"#\\\" class=\\\"extra nf-open-import-tooltip\\\"><i class=\\\"fa fa-sign-in\\\" aria-hidden=\\\"true\\\"><\\\/i> Import<\\\/a>\",\"width\":\"full\",\"group\":\"\",\"value\":[{\"label\":\"One\",\"value\":\"one\",\"calc\":\"\",\"selected\":0,\"order\":0},{\"label\":\"Two\",\"value\":\"two\",\"calc\":\"\",\"selected\":0,\"order\":1},{\"label\":\"Three\",\"value\":\"three\",\"calc\":\"\",\"selected\":0,\"order\":2}],\"columns\":{\"label\":{\"header\":\"Label\",\"default\":\"\"},\"value\":{\"header\":\"Value\",\"default\":\"\"},\"calc\":{\"header\":\"Calc Value\",\"default\":\"\"},\"selected\":{\"header\":\"<span class=\\\"dashicons dashicons-yes\\\"><\\\/span>\",\"default\":0}}},\"manual_value\":true},{\"errors\":[],\"max_options\":0,\"label\":\"Trolleybus\",\"value\":\"troll\",\"calc\":\"\",\"selected\":0,\"order\":1,\"settingModel\":{\"settings\":false,\"hide_merge_tags\":false,\"error\":false,\"name\":\"options\",\"type\":\"option-repeater\",\"label\":\"Options <a href=\\\"#\\\" class=\\\"nf-add-new\\\">Add New<\\\/a> <a href=\\\"#\\\" class=\\\"extra nf-open-import-tooltip\\\"><i class=\\\"fa fa-sign-in\\\" aria-hidden=\\\"true\\\"><\\\/i> Import<\\\/a>\",\"width\":\"full\",\"group\":\"\",\"value\":[{\"label\":\"One\",\"value\":\"one\",\"calc\":\"\",\"selected\":0,\"order\":0},{\"label\":\"Two\",\"value\":\"two\",\"calc\":\"\",\"selected\":0,\"order\":1},{\"label\":\"Three\",\"value\":\"three\",\"calc\":\"\",\"selected\":0,\"order\":2}],\"columns\":{\"label\":{\"header\":\"Label\",\"default\":\"\"},\"value\":{\"header\":\"Value\",\"default\":\"\"},\"calc\":{\"header\":\"Calc Value\",\"default\":\"\"},\"selected\":{\"header\":\"<span class=\\\"dashicons dashicons-yes\\\"><\\\/span>\",\"default\":0}}},\"manual_value\":true},{\"errors\":[],\"max_options\":0,\"label\":\"Tram\",\"value\":\"tramm\",\"calc\":\"\",\"selected\":0,\"order\":2,\"settingModel\":{\"settings\":false,\"hide_merge_tags\":false,\"error\":false,\"name\":\"options\",\"type\":\"option-repeater\",\"label\":\"Options <a href=\\\"#\\\" class=\\\"nf-add-new\\\">Add New<\\\/a> <a href=\\\"#\\\" class=\\\"extra nf-open-import-tooltip\\\"><i class=\\\"fa fa-sign-in\\\" aria-hidden=\\\"true\\\"><\\\/i> Import<\\\/a>\",\"width\":\"full\",\"group\":\"\",\"value\":[{\"label\":\"One\",\"value\":\"one\",\"calc\":\"\",\"selected\":0,\"order\":0},{\"label\":\"Two\",\"value\":\"two\",\"calc\":\"\",\"selected\":0,\"order\":1},{\"label\":\"Three\",\"value\":\"three\",\"calc\":\"\",\"selected\":0,\"order\":2}],\"columns\":{\"label\":{\"header\":\"Label\",\"default\":\"\"},\"value\":{\"header\":\"Value\",\"default\":\"\"},\"calc\":{\"header\":\"Calc Value\",\"default\":\"\"},\"selected\":{\"header\":\"<span class=\\\"dashicons dashicons-yes\\\"><\\\/span>\",\"default\":0}}},\"manual_value\":true}],\"container_class\":\"\",\"element_class\":\"\",\"admin_label\":\"\",\"help_text\":\"\",\"drawerDisabled\":false,\"id\":80,\"beforeField\":\"\",\"afterField\":\"\",\"value\":\"\",\"parentType\":\"list\",\"element_templates\":[\"listselect\",\"input\"],\"old_classname\":\"list-select\",\"wrap_template\":\"wrap\"},{\"objectType\":\"Field\",\"objectDomain\":\"fields\",\"editActive\":false,\"order\":8,\"idAttribute\":\"id\",\"type\":\"textbox\",\"label\":\"Route and direction\",\"key\":\"liin_ja_suund_1593527822932\",\"label_pos\":\"hidden\",\"required\":1,\"default\":\"\",\"placeholder\":\"Route and direction *\",\"container_class\":\"\",\"element_class\":\"\",\"input_limit\":\"\",\"input_limit_type\":\"characters\",\"input_limit_msg\":\"Character(s) left\",\"manual_key\":false,\"admin_label\":\"\",\"help_text\":\"\",\"desc_text\":\"<p>On what route and in which direction were you travelling? Helps identify the specific vehicle.<\\\/p>\",\"mask\":\"\",\"custom_mask\":\"\",\"custom_name_attribute\":\"\",\"personally_identifiable\":\"\",\"value\":\"\",\"drawerDisabled\":false,\"id\":81,\"beforeField\":\"\",\"afterField\":\"\",\"parentType\":\"textbox\",\"element_templates\":[\"textbox\",\"input\"],\"old_classname\":\"\",\"wrap_template\":\"wrap\"},{\"objectType\":\"Field\",\"objectDomain\":\"fields\",\"editActive\":false,\"order\":9,\"idAttribute\":\"id\",\"type\":\"listcheckbox\",\"label\":\"Data protection\",\"key\":\"andmekaitse_1593443023684\",\"label_pos\":\"hidden\",\"required\":1,\"options\":[{\"errors\":[],\"max_options\":0,\"label\":\"I agree to data processing\",\"value\":\"noustun-andmetoeoetlusega\",\"calc\":\"\",\"selected\":0,\"order\":0,\"settingModel\":{\"settings\":false,\"hide_merge_tags\":false,\"error\":false,\"name\":\"options\",\"type\":\"option-repeater\",\"label\":\"Options <a href=\\\"#\\\" class=\\\"nf-add-new\\\">Add New<\\\/a> <a href=\\\"#\\\" class=\\\"extra nf-open-import-tooltip\\\"><i class=\\\"fa fa-sign-in\\\" aria-hidden=\\\"true\\\"><\\\/i> Import<\\\/a>\",\"width\":\"full\",\"group\":\"\",\"value\":[{\"label\":\"One\",\"value\":\"one\",\"calc\":\"\",\"selected\":0,\"order\":0},{\"label\":\"Two\",\"value\":\"two\",\"calc\":\"\",\"selected\":0,\"order\":1},{\"label\":\"Three\",\"value\":\"three\",\"calc\":\"\",\"selected\":0,\"order\":2}],\"columns\":{\"label\":{\"header\":\"Label\",\"default\":\"\"},\"value\":{\"header\":\"Value\",\"default\":\"\"},\"calc\":{\"header\":\"Calc Value\",\"default\":\"\"},\"selected\":{\"header\":\"<span class=\\\"dashicons dashicons-yes\\\"><\\\/span>\",\"default\":0}}},\"manual_value\":true}],\"container_class\":\"\",\"element_class\":\"\",\"admin_label\":\"\",\"help_text\":\"\",\"desc_text\":\"<p>Read more\\u00a0<a href=\\\"https:\\\/\\\/www.tlt.ee\\\/wp-content\\\/uploads\\\/2023\\\/10\\\/Privaatsustingimused-2023.pdf\\\" target=\\\"_blank\\\">here<\\\/a><br><\\\/p>\",\"drawerDisabled\":false,\"field_label\":\"Andmekaitse\",\"field_key\":\"andmekaitse_1593443023684\",\"id\":69,\"beforeField\":\"\",\"afterField\":\"\",\"value\":\"\",\"parentType\":\"list\",\"element_templates\":[\"listcheckbox\",\"input\"],\"old_classname\":\"list-checkbox\",\"wrap_template\":\"wrap\"},{\"objectType\":\"Field\",\"objectDomain\":\"fields\",\"editActive\":false,\"order\":10,\"idAttribute\":\"id\",\"type\":\"submit\",\"label\":\"Send\",\"processing_label\":\"Loading ...\",\"container_class\":\"\",\"element_class\":\"\",\"key\":\"saada_1593439901707\",\"drawerDisabled\":\"\",\"field_label\":\"Saada\",\"field_key\":\"saada_1593439901707\",\"id\":68,\"beforeField\":\"\",\"afterField\":\"\",\"value\":\"\",\"label_pos\":\"hidden\",\"parentType\":\"textbox\",\"element_templates\":[\"submit\",\"button\",\"input\"],\"old_classname\":\"\",\"wrap_template\":\"wrap-no-label\"}];nfForms.push(form);<\/script>\n        \n","protected":false},"excerpt":{"rendered":"<p>You can obtain information about items found in public transport vehicles by contacting the information centre at +372 643 4142. TLT bases its actions regarding found items on the rights and obligations set forth in the Property Law Act and the standard TLT handling procedure for items forgotten in its vehicles. TLT stores found items &hellip; <a href=\"https:\/\/tlt.ee\/en\/lost-and-found-items\/\" aria-label=\"Read more: Lost and found items\">Read more<\/a><\/p>\n","protected":false},"author":1,"featured_media":0,"parent":0,"menu_order":4,"comment_status":"closed","ping_status":"closed","template":"","meta":{"_acf_changed":false,"footnotes":"","_links_to":"","_links_to_target":""},"class_list":["post-3084","page","type-page","status-publish","hentry"],"acf":[],"_links":{"self":[{"href":"https:\/\/tlt.ee\/en\/wp-json\/wp\/v2\/pages\/3084","targetHints":{"allow":["GET"]}}],"collection":[{"href":"https:\/\/tlt.ee\/en\/wp-json\/wp\/v2\/pages"}],"about":[{"href":"https:\/\/tlt.ee\/en\/wp-json\/wp\/v2\/types\/page"}],"author":[{"embeddable":true,"href":"https:\/\/tlt.ee\/en\/wp-json\/wp\/v2\/users\/1"}],"replies":[{"embeddable":true,"href":"https:\/\/tlt.ee\/en\/wp-json\/wp\/v2\/comments?post=3084"}],"version-history":[{"count":7,"href":"https:\/\/tlt.ee\/en\/wp-json\/wp\/v2\/pages\/3084\/revisions"}],"predecessor-version":[{"id":75096,"href":"https:\/\/tlt.ee\/en\/wp-json\/wp\/v2\/pages\/3084\/revisions\/75096"}],"wp:attachment":[{"href":"https:\/\/tlt.ee\/en\/wp-json\/wp\/v2\/media?parent=3084"}],"curies":[{"name":"wp","href":"https:\/\/api.w.org\/{rel}","templated":true}]}}