{"id":3071,"date":"2020-07-20T22:21:16","date_gmt":"2020-07-20T19:21:16","guid":{"rendered":"https:\/\/www.tlt.ee\/trainings\/course-curricula-volumes-and-topics\/"},"modified":"2023-12-05T15:45:22","modified_gmt":"2023-12-05T12:45:22","slug":"course-curricula-volumes-and-topics","status":"publish","type":"page","link":"https:\/\/tlt.ee\/en\/services\/koolitused\/course-curricula-volumes-and-topics\/","title":{"rendered":"Course curricula, volumes, and topics"},"content":{"rendered":"\n<p><a rel=\"noreferrer noopener\" href=\"https:\/\/www.teooria.ee\/\" target=\"_blank\"><\/a><br>The participants of the courses have the opportunity to use additional training materials provided by Teooria.ee to improve their knowledge.<\/p>\n\n\n\n<figure class=\"wp-block-image size-large is-resized\"><a href=\"https:\/\/www.teooria.ee\/\" target=\"_blank\" rel=\"noopener noreferrer\"><img loading=\"lazy\" decoding=\"async\" width=\"300\" height=\"85\" src=\"https:\/\/tlt.ee\/wp-content\/uploads\/2020\/06\/Teooria.png\" alt=\"\" class=\"wp-image-2786\" style=\"width:300px;height:85px\"\/><\/a><\/figure>\n\n\n\n<h3 class=\"wp-block-heading\"><strong>Category D driver training<\/strong><\/h3>\n\n\n\n<p>Details of the curriculum:&nbsp;<a href=\"https:\/\/tlt.ee\/wp-content\/uploads\/2023\/11\/TLT_D-kategooria_mootorsoiduki_juhi_ettevalmistamise_oppekava.pdf\">Curriculum for training drivers of power-driven vehicles of category D<\/a><\/p>\n\n\n\n<figure class=\"wp-block-table table-sm\"><table><thead><tr><th class=\"has-text-align-center\" data-align=\"center\" scope=\"col\">Jrk.<br>nr.<\/th><th class=\"has-text-align-center\" data-align=\"center\" scope=\"col\">Teooria\u00f5pe<\/th><th class=\"has-text-align-center\" data-align=\"center\" scope=\"col\">Tunde<\/th><th class=\"has-text-align-center\" data-align=\"center\" scope=\"col\">S\u00f5idu\u00f5pe<\/th><th class=\"has-text-align-center\" data-align=\"center\" scope=\"col\">Tunde<\/th><\/tr><\/thead><tbody><tr><td class=\"has-text-align-center\" data-align=\"center\">1.<\/td><td class=\"has-text-align-center\" data-align=\"center\">Traffic rules and behaviour in traffic<\/td><td class=\"has-text-align-center\" data-align=\"center\">6<\/td><td class=\"has-text-align-center\" data-align=\"center\">&nbsp;<\/td><td class=\"has-text-align-center\" data-align=\"center\">&nbsp;<\/td><\/tr><tr><td class=\"has-text-align-center\" data-align=\"center\">2.<\/td><td class=\"has-text-align-center\" data-align=\"center\">&nbsp;<\/td><td class=\"has-text-align-center\" data-align=\"center\">&nbsp;<\/td><td class=\"has-text-align-center\" data-align=\"center\">Handling of vehicle<\/td><td class=\"has-text-align-center\" data-align=\"center\">1<\/td><\/tr><tr><td class=\"has-text-align-center\" data-align=\"center\">3.<\/td><td class=\"has-text-align-center\" data-align=\"center\">Knowledge of vehicle<\/td><td class=\"has-text-align-center\" data-align=\"center\">5<\/td><td class=\"has-text-align-center\" data-align=\"center\">&nbsp;<\/td><td class=\"has-text-align-center\" data-align=\"center\">&nbsp;<\/td><\/tr><tr><td class=\"has-text-align-center\" data-align=\"center\">4.<\/td><td class=\"has-text-align-center\" data-align=\"center\">&nbsp;<\/td><td class=\"has-text-align-center\" data-align=\"center\">&nbsp;<\/td><td class=\"has-text-align-center\" data-align=\"center\">Driving the vehicle at a practice area<\/td><td class=\"has-text-align-center\" data-align=\"center\">3<\/td><\/tr><tr><td class=\"has-text-align-center\" data-align=\"center\">5.<\/td><td class=\"has-text-align-center\" data-align=\"center\">Road safety<\/td><td class=\"has-text-align-center\" data-align=\"center\">4<\/td><td class=\"has-text-align-center\" data-align=\"center\">&nbsp;<\/td><td class=\"has-text-align-center\" data-align=\"center\">&nbsp;<\/td><\/tr><tr><td class=\"has-text-align-center\" data-align=\"center\">6.<\/td><td class=\"has-text-align-center\" data-align=\"center\">&nbsp;<\/td><td class=\"has-text-align-center\" data-align=\"center\">&nbsp;<\/td><td class=\"has-text-align-center\" data-align=\"center\">Driving the vehicle in traffic<\/td><td class=\"has-text-align-center\" data-align=\"center\">14<\/td><\/tr><tr><td class=\"has-text-align-center\" data-align=\"center\">7.<\/td><td class=\"has-text-align-center\" data-align=\"center\">Traffic psychology<\/td><td class=\"has-text-align-center\" data-align=\"center\">2<\/td><td class=\"has-text-align-center\" data-align=\"center\">&nbsp;<\/td><td class=\"has-text-align-center\" data-align=\"center\">&nbsp;<\/td><\/tr><tr><td class=\"has-text-align-center\" data-align=\"center\">8.<\/td><td class=\"has-text-align-center\" data-align=\"center\">&nbsp;<\/td><td class=\"has-text-align-center\" data-align=\"center\">&nbsp;<\/td><td class=\"has-text-align-center\" data-align=\"center\">Driving the vehicle in exceptional conditions<\/td><td class=\"has-text-align-center\" data-align=\"center\">1<\/td><\/tr><tr><td class=\"has-text-align-center\" data-align=\"center\">9.<\/td><td class=\"has-text-align-center\" data-align=\"center\">Traffic laws and regulations<\/td><td class=\"has-text-align-center\" data-align=\"center\">2<\/td><td class=\"has-text-align-center\" data-align=\"center\">&nbsp;<\/td><td class=\"has-text-align-center\" data-align=\"center\">&nbsp;<\/td><\/tr><tr><td class=\"has-text-align-center\" data-align=\"center\">&nbsp;<\/td><td class=\"has-text-align-center\" data-align=\"center\"><strong>Number of lessons at least<\/strong><\/td><td class=\"has-text-align-center\" data-align=\"center\"><strong>20<\/strong><\/td><td class=\"has-text-align-center\" data-align=\"center\"><strong>Number of driving hours at least<\/strong><\/td><td class=\"has-text-align-center\" data-align=\"center\"><strong>20<\/strong><\/td><\/tr><\/tbody><\/table><\/figure>\n\n\n\n<figure class=\"wp-block-table table-sm\"><table><tbody><tr><td>&nbsp;<\/td><td><strong>Students who have completed the training will:<\/strong><br>1.&nbsp; be able to drive safely, in compliance with traffic rules and the requirements of the Traffic Act;<br>2.&nbsp; be familiar with the general construction and operating methods of buses;<br>3.&nbsp; understand the basics of road safety and the factors influencing road safety;<br>4.&nbsp; have a respectful attitude towards fellow road users, passengers, and the natural environment;<br>5.&nbsp; be able to serve passengers in an appropriate manner;<br>6.&nbsp; be able to drive a bus smoothly and economically.<br><br><em>The acquisition of learning outcomes is demonstrated by a theory test and a driving test. In the event of a positive result, the theory and driving tests will be conducted at the Transport Agency.<\/em><\/td><\/tr><\/tbody><\/table><\/figure>\n\n\n\n<h3 class=\"wp-block-heading\"><strong>Category C driver training<\/strong><\/h3>\n\n\n\n<p>Details of the curriculum:&nbsp;<a href=\"https:\/\/tlt.ee\/wp-content\/uploads\/2023\/11\/TLT_C-kategooria_mootorsoiduki_juhi_ettevalmistamise_oppekava.pdf\" target=\"_blank\" rel=\"noreferrer noopener\">Curriculum for training drivers of power-driven vehicles of category C<\/a><\/p>\n\n\n\n<figure class=\"wp-block-table table-sm\"><table><thead><tr><th class=\"has-text-align-center\" data-align=\"center\" scope=\"col\">Jrk.<br>nr.<\/th><th class=\"has-text-align-center\" data-align=\"center\" scope=\"col\">Teooria\u00f5pe<\/th><th class=\"has-text-align-center\" data-align=\"center\" scope=\"col\">Tunde<\/th><th class=\"has-text-align-center\" data-align=\"center\" scope=\"col\">S\u00f5idu\u00f5pe<\/th><th class=\"has-text-align-center\" data-align=\"center\" scope=\"col\">Tunde<\/th><\/tr><\/thead><tbody><tr><td class=\"has-text-align-center\" data-align=\"center\">1.<\/td><td class=\"has-text-align-center\" data-align=\"center\">Traffic rules and behaviour in traffic<\/td><td class=\"has-text-align-center\" data-align=\"center\">5<\/td><td class=\"has-text-align-center\" data-align=\"center\">&nbsp;<\/td><td class=\"has-text-align-center\" data-align=\"center\">&nbsp;<\/td><\/tr><tr><td class=\"has-text-align-center\" data-align=\"center\">2.<\/td><td class=\"has-text-align-center\" data-align=\"center\">&nbsp;<\/td><td class=\"has-text-align-center\" data-align=\"center\">&nbsp;<\/td><td class=\"has-text-align-center\" data-align=\"center\">Handling of vehicle<\/td><td class=\"has-text-align-center\" data-align=\"center\">1<\/td><\/tr><tr><td class=\"has-text-align-center\" data-align=\"center\">3.<\/td><td class=\"has-text-align-center\" data-align=\"center\">Knowledge of vehicle<\/td><td class=\"has-text-align-center\" data-align=\"center\">5<\/td><td class=\"has-text-align-center\" data-align=\"center\">&nbsp;<\/td><td class=\"has-text-align-center\" data-align=\"center\">&nbsp;<\/td><\/tr><tr><td class=\"has-text-align-center\" data-align=\"center\">4.<\/td><td class=\"has-text-align-center\" data-align=\"center\">&nbsp;<\/td><td class=\"has-text-align-center\" data-align=\"center\">&nbsp;<\/td><td class=\"has-text-align-center\" data-align=\"center\">Driving the vehicle at a practice area<\/td><td class=\"has-text-align-center\" data-align=\"center\">3<\/td><\/tr><tr><td class=\"has-text-align-center\" data-align=\"center\">5.<\/td><td class=\"has-text-align-center\" data-align=\"center\">Road safety<\/td><td class=\"has-text-align-center\" data-align=\"center\">4<\/td><td class=\"has-text-align-center\" data-align=\"center\">&nbsp;<\/td><td class=\"has-text-align-center\" data-align=\"center\">&nbsp;<\/td><\/tr><tr><td class=\"has-text-align-center\" data-align=\"center\">&nbsp;<\/td><td class=\"has-text-align-center\" data-align=\"center\">Intermediate test on traffic rules<\/td><td class=\"has-text-align-center\" data-align=\"center\">1<\/td><td class=\"has-text-align-center\" data-align=\"center\">Intermediate test on driving skills<\/td><td class=\"has-text-align-center\" data-align=\"center\">1<\/td><\/tr><tr><td class=\"has-text-align-center\" data-align=\"center\">6.<\/td><td class=\"has-text-align-center\" data-align=\"center\">&nbsp;<\/td><td class=\"has-text-align-center\" data-align=\"center\">&nbsp;<\/td><td class=\"has-text-align-center\" data-align=\"center\">Driving the vehicle in traffic<\/td><td class=\"has-text-align-center\" data-align=\"center\">3&nbsp;<\/td><\/tr><tr><td class=\"has-text-align-center\" data-align=\"center\">7.<\/td><td class=\"has-text-align-center\" data-align=\"center\">Traffic psychology<\/td><td class=\"has-text-align-center\" data-align=\"center\">2<\/td><td class=\"has-text-align-center\" data-align=\"center\">&nbsp;<\/td><td class=\"has-text-align-center\" data-align=\"center\">&nbsp;<\/td><\/tr><tr><td class=\"has-text-align-center\" data-align=\"center\">8.<\/td><td class=\"has-text-align-center\" data-align=\"center\">&nbsp;<\/td><td class=\"has-text-align-center\" data-align=\"center\">&nbsp;<\/td><td class=\"has-text-align-center\" data-align=\"center\">Driving the vehicle in exceptional conditions<\/td><td class=\"has-text-align-center\" data-align=\"center\">2<\/td><\/tr><tr><td class=\"has-text-align-center\" data-align=\"center\">9.<\/td><td class=\"has-text-align-center\" data-align=\"center\">Additional traffic requirements and rules<\/td><td class=\"has-text-align-center\" data-align=\"center\">3<\/td><td class=\"has-text-align-center\" data-align=\"center\">&nbsp;<\/td><td class=\"has-text-align-center\" data-align=\"center\">&nbsp;<\/td><\/tr><tr><td class=\"has-text-align-center\" data-align=\"center\">&nbsp;<\/td><td class=\"has-text-align-center\" data-align=\"center\"><strong>Theory lessons in total<\/strong><\/td><td class=\"has-text-align-center\" data-align=\"center\"><strong>20<\/strong><\/td><td class=\"has-text-align-center\" data-align=\"center\"><strong>Driving lessons in total<\/strong><\/td><td class=\"has-text-align-center\" data-align=\"center\"><strong>10<\/strong><\/td><\/tr><\/tbody><\/table><\/figure>\n\n\n\n<figure class=\"wp-block-table table-sm\"><table><tbody><tr><td>&nbsp;<\/td><td><strong>Students who have completed the training will:<\/strong><br>1.&nbsp; be able to drive safely, in compliance with traffic rules and the requirements of the Traffic Act;<br>2.&nbsp; be familiar with the general construction and operating methods of lorries;<br>3.&nbsp; understand the basics of road safety and the factors influencing road safety;<br>4.&nbsp; have a respectful attitude towards fellow road users, passengers, and the natural environment;<br>5.&nbsp; know how to properly secure the cargo;<br>6.&nbsp; be able to drive a lorry smoothly and economically.<br><em>The acquisition of learning outcomes is demonstrated by a theory test and a driving test. In the event of a positive result, the theory and driving tests will be conducted at the Transport Agency.<\/em><\/td><\/tr><\/tbody><\/table><\/figure>\n\n\n\n<h3 class=\"wp-block-heading\"><strong>Category CE driver training<\/strong><\/h3>\n\n\n\n<p>Details of the curriculum:&nbsp;<a href=\"https:\/\/tlt.ee\/wp-content\/uploads\/2023\/11\/TLT_CE-kategooria_mootorsoiduki_juhi_ettevalmistamise_oppekava.pdf\" target=\"_blank\" rel=\"noreferrer noopener\">Curriculum for training drivers of power-driven vehicles of category CE<\/a><\/p>\n\n\n\n<figure class=\"wp-block-table table-sm\"><table><thead><tr><th class=\"has-text-align-center\" data-align=\"center\" scope=\"col\">Jrk.<br>nr.<\/th><th class=\"has-text-align-center\" data-align=\"center\" scope=\"col\">Teooria\u00f5pe<\/th><th class=\"has-text-align-center\" data-align=\"center\" scope=\"col\">Tunde<\/th><th class=\"has-text-align-center\" data-align=\"center\" scope=\"col\">S\u00f5idu\u00f5pe<\/th><th class=\"has-text-align-center\" data-align=\"center\" scope=\"col\">Tunde<\/th><\/tr><\/thead><tbody><tr><td class=\"has-text-align-center\" data-align=\"center\">1.<\/td><td class=\"has-text-align-center\" data-align=\"center\">Traffic rules and behaviour in traffic<\/td><td class=\"has-text-align-center\" data-align=\"center\">2<\/td><td class=\"has-text-align-center\" data-align=\"center\">&nbsp;<\/td><td class=\"has-text-align-center\" data-align=\"center\">&nbsp;<\/td><\/tr><tr><td class=\"has-text-align-center\" data-align=\"center\">2.<\/td><td class=\"has-text-align-center\" data-align=\"center\">&nbsp;<\/td><td class=\"has-text-align-center\" data-align=\"center\">&nbsp;<\/td><td class=\"has-text-align-center\" data-align=\"center\">Road train assembly<\/td><td class=\"has-text-align-center\" data-align=\"center\">1<\/td><\/tr><tr><td class=\"has-text-align-center\" data-align=\"center\">3.<\/td><td class=\"has-text-align-center\" data-align=\"center\">Road train construction<\/td><td class=\"has-text-align-center\" data-align=\"center\">1<\/td><td class=\"has-text-align-center\" data-align=\"center\">&nbsp;<\/td><td class=\"has-text-align-center\" data-align=\"center\">&nbsp;<\/td><\/tr><tr><td class=\"has-text-align-center\" data-align=\"center\">4.<\/td><td class=\"has-text-align-center\" data-align=\"center\">&nbsp;<\/td><td class=\"has-text-align-center\" data-align=\"center\">&nbsp;<\/td><td class=\"has-text-align-center\" data-align=\"center\">Driving a road train at a practice area<\/td><td class=\"has-text-align-center\" data-align=\"center\">2<\/td><\/tr><tr><td class=\"has-text-align-center\" data-align=\"center\">5.<\/td><td class=\"has-text-align-center\" data-align=\"center\">Road safety<\/td><td class=\"has-text-align-center\" data-align=\"center\">3<\/td><td class=\"has-text-align-center\" data-align=\"center\">&nbsp;<\/td><td class=\"has-text-align-center\" data-align=\"center\">&nbsp;<\/td><\/tr><tr><td class=\"has-text-align-center\" data-align=\"center\">&nbsp;<\/td><td class=\"has-text-align-center\" data-align=\"center\">Intermediate test on traffic rules<\/td><td class=\"has-text-align-center\" data-align=\"center\">1<\/td><td class=\"has-text-align-center\" data-align=\"center\">Intermediate test on driving skills<\/td><td class=\"has-text-align-center\" data-align=\"center\">1<\/td><\/tr><tr><td class=\"has-text-align-center\" data-align=\"center\">6.<\/td><td class=\"has-text-align-center\" data-align=\"center\">&nbsp;<\/td><td class=\"has-text-align-center\" data-align=\"center\">&nbsp;<\/td><td class=\"has-text-align-center\" data-align=\"center\">Driving a road train in traffic<\/td><td class=\"has-text-align-center\" data-align=\"center\">6<\/td><\/tr><tr><td class=\"has-text-align-center\" data-align=\"center\">7.<\/td><td class=\"has-text-align-center\" data-align=\"center\">Traffic psychology<\/td><td class=\"has-text-align-center\" data-align=\"center\">2<\/td><td class=\"has-text-align-center\" data-align=\"center\">&nbsp;<\/td><td class=\"has-text-align-center\" data-align=\"center\">&nbsp;<\/td><\/tr><tr><td class=\"has-text-align-center\" data-align=\"center\">8.<\/td><td class=\"has-text-align-center\" data-align=\"center\">Additional traffic requirements and rules<\/td><td class=\"has-text-align-center\" data-align=\"center\">1<\/td><td class=\"has-text-align-center\" data-align=\"center\">&nbsp;<\/td><td class=\"has-text-align-center\" data-align=\"center\">&nbsp;<\/td><\/tr><tr><td class=\"has-text-align-center\" data-align=\"center\">&nbsp;<\/td><td class=\"has-text-align-center\" data-align=\"center\"><strong>Theory lessons in total<\/strong><\/td><td class=\"has-text-align-center\" data-align=\"center\"><strong>10<\/strong><\/td><td class=\"has-text-align-center\" data-align=\"center\"><strong>Driving lessons in total<\/strong><\/td><td class=\"has-text-align-center\" data-align=\"center\"><strong>10<\/strong><\/td><\/tr><\/tbody><\/table><\/figure>\n\n\n\n<figure class=\"wp-block-table table-sm\"><table><tbody><tr><td>&nbsp;<\/td><td><strong>Students who have completed the training will:<\/strong><br>1.&nbsp; be able to drive safely, in compliance with traffic rules and the requirements of the Traffic Act;<br>2.&nbsp; be familiar with the general construction and operating methods of road trains;<br>3.&nbsp; understand the basics of road safety and the factors influencing road safety;<br>4.&nbsp; have a respectful attitude towards fellow road users, passengers, and the natural environment;<br>5.&nbsp; know how to properly secure the cargo;<br>6.&nbsp; be able to drive a road train smoothly and economically.<br><em>The acquisition of learning outcomes is demonstrated by a theory test and a driving test. In the event of a positive result, the theory and driving tests will be conducted at the Transport Agency.<\/em><\/td><\/tr><\/tbody><\/table><\/figure>\n\n\n\n<h3 class=\"wp-block-heading\"><strong>Bus driver refresher training<\/strong><\/h3>\n\n\n\n<figure class=\"wp-block-table table-sm\"><table><tbody><tr><td>Curriculum<\/td><td>Refresher training lesson plan (35 hours) (<a rel=\"noreferrer noopener\" href=\"https:\/\/tlt.ee\/wp-content\/uploads\/2020\/06\/Ametikooli_tunniplaan_2020_Juuni.pdf\" target=\"_blank\">PDF<\/a>, 127 KB)<br>Continuing education curriculum (<a rel=\"noreferrer noopener\" href=\"https:\/\/tlt.ee\/wp-content\/uploads\/2020\/11\/Bussijuhi_taienduskoolitus.pdf\" target=\"_blank\">PDF<\/a>, 298 KB)<\/td><\/tr><\/tbody><\/table><\/figure>\n\n\n\n<h3 class=\"wp-block-heading\"><strong>Tram driver<\/strong><\/h3>\n\n\n\n<p>Curriculum for the preparation of tram drivers:<\/p>\n\n\n\n<figure class=\"wp-block-table table-sm\"><table><thead><tr><th class=\"has-text-align-center\" data-align=\"center\" scope=\"col\">Jrk.<br>nr.<\/th><th class=\"has-text-align-center\" data-align=\"center\" scope=\"col\">Teooria\u00f5pe<\/th><th class=\"has-text-align-center\" data-align=\"center\" scope=\"col\">Tunde<\/th><th class=\"has-text-align-center\" data-align=\"center\" scope=\"col\">S\u00f5idu\u00f5pe<\/th><th class=\"has-text-align-center\" data-align=\"center\" scope=\"col\">Tunde<\/th><\/tr><\/thead><tbody><tr><td class=\"has-text-align-center\" data-align=\"center\">1.<\/td><td class=\"has-text-align-center\" data-align=\"center\">Traffic rules<\/td><td class=\"has-text-align-center\" data-align=\"center\">9<\/td><td class=\"has-text-align-center\" data-align=\"center\">&nbsp;<\/td><td class=\"has-text-align-center\" data-align=\"center\">&nbsp;<\/td><\/tr><tr><td class=\"has-text-align-center\" data-align=\"center\">2.<\/td><td class=\"has-text-align-center\" data-align=\"center\">Control engineering<\/td><td class=\"has-text-align-center\" data-align=\"center\">24<\/td><td class=\"has-text-align-center\" data-align=\"center\">Handling of tram<\/td><td class=\"has-text-align-center\" data-align=\"center\">1<\/td><\/tr><tr><td class=\"has-text-align-center\" data-align=\"center\">3.<\/td><td class=\"has-text-align-center\" data-align=\"center\">Organisation of tram traffic<\/td><td class=\"has-text-align-center\" data-align=\"center\">2<\/td><td class=\"has-text-align-center\" data-align=\"center\">&nbsp;<\/td><td class=\"has-text-align-center\" data-align=\"center\">&nbsp;<\/td><\/tr><tr><td class=\"has-text-align-center\" data-align=\"center\">4.<\/td><td class=\"has-text-align-center\" data-align=\"center\">Rules for technical operation of the tram, work instructions<\/td><td class=\"has-text-align-center\" data-align=\"center\">22<\/td><td class=\"has-text-align-center\" data-align=\"center\">Tram driving techniques in the depot<\/td><td class=\"has-text-align-center\" data-align=\"center\">8<\/td><\/tr><tr><td class=\"has-text-align-center\" data-align=\"center\">5.<\/td><td class=\"has-text-align-center\" data-align=\"center\">Road safety<\/td><td class=\"has-text-align-center\" data-align=\"center\">4<\/td><td class=\"has-text-align-center\" data-align=\"center\">&nbsp;<\/td><td class=\"has-text-align-center\" data-align=\"center\">&nbsp;<\/td><\/tr><tr><td class=\"has-text-align-center\" data-align=\"center\">&nbsp;<\/td><td class=\"has-text-align-center\" data-align=\"center\">Intermediate test on traffic rules<\/td><td class=\"has-text-align-center\" data-align=\"center\">1<\/td><td class=\"has-text-align-center\" data-align=\"center\">Intermediate test on driving skills<\/td><td class=\"has-text-align-center\" data-align=\"center\">1<\/td><\/tr><tr><td class=\"has-text-align-center\" data-align=\"center\">6.<\/td><td class=\"has-text-align-center\" data-align=\"center\">Electrical equipment<\/td><td class=\"has-text-align-center\" data-align=\"center\">20<\/td><td class=\"has-text-align-center\" data-align=\"center\">Driving a tram in the city<\/td><td class=\"has-text-align-center\" data-align=\"center\">24<\/td><\/tr><tr><td class=\"has-text-align-center\" data-align=\"center\">7.<\/td><td class=\"has-text-align-center\" data-align=\"center\">Mechanical equipment<\/td><td class=\"has-text-align-center\" data-align=\"center\">10<\/td><td class=\"has-text-align-center\" data-align=\"center\">&nbsp;<\/td><td class=\"has-text-align-center\" data-align=\"center\">&nbsp;<\/td><\/tr><tr><td class=\"has-text-align-center\" data-align=\"center\">8.<\/td><td class=\"has-text-align-center\" data-align=\"center\">Power supply, tracks<\/td><td class=\"has-text-align-center\" data-align=\"center\">12<\/td><td class=\"has-text-align-center\" data-align=\"center\">Reinforcement of driving skills<\/td><td class=\"has-text-align-center\" data-align=\"center\">6<\/td><\/tr><tr><td class=\"has-text-align-center\" data-align=\"center\">9.<\/td><td class=\"has-text-align-center\" data-align=\"center\">Working environment, road and occupational safety<\/td><td class=\"has-text-align-center\" data-align=\"center\">10<\/td><td class=\"has-text-align-center\" data-align=\"center\">&nbsp;<\/td><td class=\"has-text-align-center\" data-align=\"center\">&nbsp;<\/td><\/tr><tr><td class=\"has-text-align-center\" data-align=\"center\">&nbsp;<\/td><td class=\"has-text-align-center\" data-align=\"center\"><strong>Theory lessons in total<\/strong><\/td><td class=\"has-text-align-center\" data-align=\"center\"><strong>114<\/strong><\/td><td class=\"has-text-align-center\" data-align=\"center\"><strong>Driving lessons in total<\/strong><\/td><td class=\"has-text-align-center\" data-align=\"center\"><strong>40<\/strong><\/td><\/tr><\/tbody><\/table><\/figure>\n\n\n\n<figure class=\"wp-block-table table-sm\"><table><tbody><tr><td>&nbsp;<\/td><td><strong>Students who have completed the training will:<\/strong><br>1.&nbsp; be able to drive safely, in compliance with traffic rules and the requirements of the Traffic Act;<br>2.&nbsp; be familiar with the general construction and operating methods of buses;<br>3.&nbsp; understand the basics of road safety and the factors influencing road safety;<br>4.&nbsp; have a respectful attitude towards fellow road users, passengers, and the natural environment;<br>5.&nbsp; be able to communicate with passengers and serve them in a proper manner;<br>6.&nbsp; be able to drive a tram safely, smoothly and economically.<br><br><em>The acquisition of learning outcomes is demonstrated by a theory test and a driving test. In the event of a positive result, the theory and driving tests will be conducted at the Transport Agency.<\/em><\/td><\/tr><\/tbody><\/table><\/figure>\n\n\n\n<p><\/p>\n","protected":false},"excerpt":{"rendered":"<p>The participants of the courses have the opportunity to use additional training materials provided by Teooria.ee to improve their knowledge. Category D driver training Details of the curriculum:&nbsp;Curriculum for training drivers of power-driven vehicles of category D Jrk.nr. Teooria\u00f5pe Tunde S\u00f5idu\u00f5pe Tunde 1. Traffic rules and behaviour in traffic 6 &nbsp; &nbsp; 2. &nbsp; &nbsp; &hellip; <a href=\"https:\/\/tlt.ee\/en\/services\/koolitused\/course-curricula-volumes-and-topics\/\" aria-label=\"Read more: Course curricula, volumes, and topics\">Read more<\/a><\/p>\n","protected":false},"author":1,"featured_media":0,"parent":3067,"menu_order":0,"comment_status":"closed","ping_status":"closed","template":"","meta":{"_acf_changed":false,"footnotes":"","_links_to":"","_links_to_target":""},"class_list":["post-3071","page","type-page","status-publish","hentry"],"acf":[],"_links":{"self":[{"href":"https:\/\/tlt.ee\/en\/wp-json\/wp\/v2\/pages\/3071","targetHints":{"allow":["GET"]}}],"collection":[{"href":"https:\/\/tlt.ee\/en\/wp-json\/wp\/v2\/pages"}],"about":[{"href":"https:\/\/tlt.ee\/en\/wp-json\/wp\/v2\/types\/page"}],"author":[{"embeddable":true,"href":"https:\/\/tlt.ee\/en\/wp-json\/wp\/v2\/users\/1"}],"replies":[{"embeddable":true,"href":"https:\/\/tlt.ee\/en\/wp-json\/wp\/v2\/comments?post=3071"}],"version-history":[{"count":6,"href":"https:\/\/tlt.ee\/en\/wp-json\/wp\/v2\/pages\/3071\/revisions"}],"predecessor-version":[{"id":51612,"href":"https:\/\/tlt.ee\/en\/wp-json\/wp\/v2\/pages\/3071\/revisions\/51612"}],"up":[{"embeddable":true,"href":"https:\/\/tlt.ee\/en\/wp-json\/wp\/v2\/pages\/3067"}],"wp:attachment":[{"href":"https:\/\/tlt.ee\/en\/wp-json\/wp\/v2\/media?parent=3071"}],"curies":[{"name":"wp","href":"https:\/\/api.w.org\/{rel}","templated":true}]}}