{"id":3069,"date":"2020-07-20T22:20:42","date_gmt":"2020-07-20T19:20:42","guid":{"rendered":"https:\/\/www.tlt.ee\/trainings\/courses-price-lists\/"},"modified":"2023-11-30T20:18:27","modified_gmt":"2023-11-30T17:18:27","slug":"course-price-lists","status":"publish","type":"page","link":"https:\/\/tlt.ee\/en\/services\/koolitused\/course-price-lists\/","title":{"rendered":"Course price lists"},"content":{"rendered":"\n<h3 class=\"wp-block-heading\">Courses<\/h3>\n\n\n\n<p><strong>Price list as of 1 January 2024<\/strong><\/p>\n\n\n\n<figure class=\"wp-block-table table-sm\"><table><thead><tr><th scope=\"row\">Kursuse nimetus<\/th><th class=\"has-text-align-center\" data-align=\"center\" scope=\"row\">S\u00f5idu- tunde<\/th><th class=\"has-text-align-center\" data-align=\"center\" scope=\"row\">S\u00f5idutunni hind<\/th><th class=\"has-text-align-center\" data-align=\"center\" scope=\"row\">\u00d5ppes\u00f5idu hind<\/th><th class=\"has-text-align-center\" data-align=\"center\" scope=\"row\">Kursuse<br>hind<br>km-ta<\/th><th class=\"has-text-align-center\" data-align=\"center\" scope=\"row\">K\u00e4ibe-<br>maks<\/th><th class=\"has-text-align-center\" data-align=\"center\" scope=\"col\">Kursuse maksumus<br>kokku, EUR<\/th><\/tr><\/thead><tbody><tr><td>Category D driver training<\/td><td class=\"has-text-align-center\" data-align=\"center\">20<\/td><td class=\"has-text-align-center\" data-align=\"center\">50<\/td><td class=\"has-text-align-center\" data-align=\"center\">1000<\/td><td class=\"has-text-align-center\" data-align=\"center\">1000<\/td><td class=\"has-text-align-center\" data-align=\"center\">220<\/td><td class=\"has-text-align-center\" data-align=\"center\">1220<\/td><\/tr><tr><td>Category C driver training<\/td><td class=\"has-text-align-center\" data-align=\"center\">10<\/td><td class=\"has-text-align-center\" data-align=\"center\">55<\/td><td class=\"has-text-align-center\" data-align=\"center\">550<\/td><td class=\"has-text-align-center\" data-align=\"center\">550<\/td><td class=\"has-text-align-center\" data-align=\"center\">121<\/td><td class=\"has-text-align-center\" data-align=\"center\">671<\/td><\/tr><tr><td>Category CE driver training<\/td><td class=\"has-text-align-center\" data-align=\"center\">10<\/td><td class=\"has-text-align-center\" data-align=\"center\">60<\/td><td class=\"has-text-align-center\" data-align=\"center\">600<\/td><td class=\"has-text-align-center\" data-align=\"center\">600<\/td><td class=\"has-text-align-center\" data-align=\"center\">132<\/td><td class=\"has-text-align-center\" data-align=\"center\">732<\/td><\/tr><tr><td>Tram driver<\/td><td class=\"has-text-align-center\" data-align=\"center\">40<\/td><td class=\"has-text-align-center\" data-align=\"center\">40<\/td><td class=\"has-text-align-center\" data-align=\"center\">1600<\/td><td class=\"has-text-align-center\" data-align=\"center\">1600<\/td><td class=\"has-text-align-center\" data-align=\"center\">352<\/td><td class=\"has-text-align-center\" data-align=\"center\">1952&nbsp;&nbsp;&nbsp;&nbsp;<\/td><\/tr><tr><td>Additional driving lesson and exam at the Road Administration <br>Category D<br>Category C<br>Category CE<\/td><td class=\"has-text-align-center\" data-align=\"center\">1<br>1<br>1<\/td><td class=\"has-text-align-center\" data-align=\"center\">50<br>55<br>60<\/td><td class=\"has-text-align-center\" data-align=\"center\">&nbsp;<\/td><td class=\"has-text-align-center\" data-align=\"center\">&nbsp;<\/td><td class=\"has-text-align-center\" data-align=\"center\">11<br>12.10<br>13.20<\/td><td class=\"has-text-align-center\" data-align=\"center\">61<br>67.10<br>73.20<\/td><\/tr><\/tbody><\/table><\/figure>\n\n\n\n<h3 class=\"wp-block-heading\">Occupational training<\/h3>\n\n\n\n<figure class=\"wp-block-table table-sm\"><table><thead><tr><th scope=\"row\">Kursuse nimetus<\/th><th scope=\"row\">Teooria hind<\/th><th scope=\"row\">S\u00f5idu-tunde<\/th><th scope=\"row\">S\u00f5idutunni hind<\/th><th scope=\"row\">\u00d5ppes\u00f5idu hind<\/th><th scope=\"row\">Kursuse<br>hind<br>km-ta<\/th><th scope=\"row\">K\u00e4ibe-<br>maks<\/th><th scope=\"col\">Kursuse maksumus<br>kokku, EUR<\/th><\/tr><\/thead><tbody><tr><td>Occupational training of bus drivers<\/td><td>185<\/td><td>&nbsp;<\/td><td>&nbsp;<\/td><td>&nbsp;<\/td><td>185<\/td><td>40.70<\/td><td>225.70<\/td><\/tr><tr><td>Accelerated occupational training of bus drivers (140 h)<br>\u2013 theory lessons (74 h)<br>\u2013 driving lessons (10 h)<br>\u2013 practice (56 h)<br>Total:<\/td><td>&nbsp;300<br><\/td><td>10<\/td><td>50<\/td><td>500<\/td><td>300<br>500<br>150<\/td><td>66<br>110<br>33<\/td><td><br>366<br>610<br>183<br>1159<\/td><\/tr><\/tbody><\/table><\/figure>\n\n\n\n<h3 class=\"wp-block-heading\">Use of the study site<\/h3>\n\n\n\n<figure class=\"wp-block-table\"><table><thead><tr><th><\/th><th>Hind ilma km-ta (tund)<\/th><th>K\u00e4ibemaks<\/th><th>Kokku<\/th><\/tr><\/thead><tbody><tr><td>Category D or C<br>Category CE<\/td><td>10<br>15<\/td><td>2.20<br>3.30<\/td><td>12.20<br>18.30<\/td><\/tr><\/tbody><\/table><\/figure>\n","protected":false},"excerpt":{"rendered":"<p>Courses Price list as of 1 January 2024 Kursuse nimetus S\u00f5idu- tunde S\u00f5idutunni hind \u00d5ppes\u00f5idu hind Kursusehindkm-ta K\u00e4ibe-maks Kursuse maksumuskokku, EUR Category D driver training 20 50 1000 1000 220 1220 Category C driver training 10 55 550 550 121 671 Category CE driver training 10 60 600 600 132 732 Tram driver 40 40 &hellip; <a href=\"https:\/\/tlt.ee\/en\/services\/koolitused\/course-price-lists\/\" aria-label=\"Read more: Course price lists\">Read more<\/a><\/p>\n","protected":false},"author":1,"featured_media":0,"parent":3067,"menu_order":0,"comment_status":"closed","ping_status":"closed","template":"","meta":{"_acf_changed":false,"footnotes":"","_links_to":"","_links_to_target":""},"class_list":["post-3069","page","type-page","status-publish","hentry"],"acf":[],"_links":{"self":[{"href":"https:\/\/tlt.ee\/en\/wp-json\/wp\/v2\/pages\/3069","targetHints":{"allow":["GET"]}}],"collection":[{"href":"https:\/\/tlt.ee\/en\/wp-json\/wp\/v2\/pages"}],"about":[{"href":"https:\/\/tlt.ee\/en\/wp-json\/wp\/v2\/types\/page"}],"author":[{"embeddable":true,"href":"https:\/\/tlt.ee\/en\/wp-json\/wp\/v2\/users\/1"}],"replies":[{"embeddable":true,"href":"https:\/\/tlt.ee\/en\/wp-json\/wp\/v2\/comments?post=3069"}],"version-history":[{"count":7,"href":"https:\/\/tlt.ee\/en\/wp-json\/wp\/v2\/pages\/3069\/revisions"}],"predecessor-version":[{"id":51487,"href":"https:\/\/tlt.ee\/en\/wp-json\/wp\/v2\/pages\/3069\/revisions\/51487"}],"up":[{"embeddable":true,"href":"https:\/\/tlt.ee\/en\/wp-json\/wp\/v2\/pages\/3067"}],"wp:attachment":[{"href":"https:\/\/tlt.ee\/en\/wp-json\/wp\/v2\/media?parent=3069"}],"curies":[{"name":"wp","href":"https:\/\/api.w.org\/{rel}","templated":true}]}}