{"id":3065,"date":"2020-07-20T22:17:47","date_gmt":"2020-07-20T19:17:47","guid":{"rendered":"https:\/\/www.tlt.ee\/contact\/hint\/"},"modified":"2020-09-21T11:13:50","modified_gmt":"2020-09-21T08:13:50","slug":"tip","status":"publish","type":"page","link":"https:\/\/tlt.ee\/en\/about-us\/contacts\/tip\/","title":{"rendered":"Tip"},"content":{"rendered":"\n<p>Send us a tip to inform us about an event that you believe is incompatible with good business practices or generally accepted moral standards. The possibility to submit a tip is one of the anti-corruption measures. All tips will be thoroughly investigated and in case of a confirmed violation or a threat of a violation, action will be taken in accordance with the legislation.<\/p>\n\n<p>If necessary, we will process the information provided by you in accordance with the personal data protection regulations and guarantee the confidentiality and anonymity of the sender of the tip.<\/p>\n\n<p>If you would like to receive feedback on the anonymous tip you submit, please provide your contact information when filling out the form. Without your consent, your identity will not be disclosed at any stage of the process.<\/p>\n\n<p>If you have documents, photographs or video files confirming the incident, submit them separately to the e-mail address <a href=\"mailto:vihje@tlt.ee\" target=\"_blank\" rel=\"noreferrer noopener\">vihje@tlt.ee<\/a> or to the tip submission post box near the entrance of the Kadaka tee 62a building or send them to the phone number +372 509 1733.<\/p>\n\n<p><strong>Ways to submit a tip:<\/strong><\/p>\n\n<ul class=\"wp-block-list\"><li>Fill out the anonymous form here<\/li><li>Message or call +372 509 1733<\/li><li>Send an e-mail to <a href=\"mailto:vihje@tlt.ee\" target=\"_blank\" rel=\"noreferrer noopener\">vihje@tlt.ee<\/a><\/li><li>Bring your materials in physical form (paper, data medium, etc.) to the tip submission post box near the entrance of the Kadaka tee 62a building<\/li><\/ul>\n\n<h3 class=\"wp-block-heading\">Tip submission form<\/h3>\n\n<p class=\"nf-required-notice\"><span class=\"nf-required-notice__symbol\" aria-hidden=\"true\">*<\/span> Kohustuslikud v\u00e4ljad on t\u00e4histatud t\u00e4rniga<\/p><noscript class=\"ninja-forms-noscript-message\">\n\tNotice: JavaScript is required for this content.<\/noscript>\nNo Fields Found.<div id=\"nf-form-8-cont\" class=\"nf-form-cont\" aria-live=\"polite\" aria-labelledby=\"nf-form-title-8\" aria-describedby=\"nf-form-errors-8\" role=\"form\">\n\n    <div class=\"nf-loading-spinner\"><\/div>\n\n<\/div>\n        <!-- That data is being printed as a workaround to page builders reordering the order of the scripts loaded-->\n        <script>var formDisplay=1;var nfForms=nfForms||[];var form=[];form.id='8';form.settings={\"ninjaForms\":\"Ninja Forms\",\"changeEmailErrorMsg\":\"Palun sisestage kehtiv e-posti aadress!\",\"changeDateErrorMsg\":\"Palun sisestage kehtiv kuup\\u00e4ev!\",\"confirmFieldErrorMsg\":\"Need v\\u00e4ljad peavad kattuma!\",\"fieldNumberNumMinError\":\"Number Min Error\",\"fieldNumberNumMaxError\":\"Number Max Error\",\"fieldNumberIncrementBy\":\"Please increment by \",\"fieldTextareaRTEInsertLink\":\"Insert Link\",\"fieldTextareaRTEInsertMedia\":\"Insert Media\",\"fieldTextareaRTESelectAFile\":\"Select a file\",\"formErrorsCorrectErrors\":\"Palun parandage vead enne vormi esitamist.\",\"formHoneypot\":\"If you are a human seeing this field, please leave it empty.\",\"validateRequiredField\":\"See v\\u00e4li on kohustuslik.\",\"honeypotHoneypotError\":\"Honeypot Error\",\"fileUploadOldCodeFileUploadInProgress\":\"File Upload in Progress.\",\"fileUploadOldCodeFileUpload\":\"FILE UPLOAD\",\"currencySymbol\":\"&euro;\",\"fieldsMarkedRequired\":\"T\\u00e4rniga * m\\u00e4rgitud v\\u00e4ljad on kohustuslikud.\",\"thousands_sep\":\",\",\"decimal_point\":\".\",\"siteLocale\":\"en_US\",\"dateFormat\":\"d.m.Y\",\"startOfWeek\":\"1\",\"of\":\"of\",\"previousMonth\":\"Previous Month\",\"nextMonth\":\"Next Month\",\"months\":[\"January\",\"February\",\"March\",\"April\",\"May\",\"June\",\"July\",\"August\",\"September\",\"October\",\"November\",\"December\"],\"monthsShort\":[\"Jan\",\"Feb\",\"Mar\",\"Apr\",\"May\",\"Jun\",\"Jul\",\"Aug\",\"Sep\",\"Oct\",\"Nov\",\"Dec\"],\"weekdays\":[\"Sunday\",\"Monday\",\"Tuesday\",\"Wednesday\",\"Thursday\",\"Friday\",\"Saturday\"],\"weekdaysShort\":[\"Sun\",\"Mon\",\"Tue\",\"Wed\",\"Thu\",\"Fri\",\"Sat\"],\"weekdaysMin\":[\"Su\",\"Mo\",\"Tu\",\"We\",\"Th\",\"Fr\",\"Sa\"],\"recaptchaConsentMissing\":\"reCaptcha validation couldn&#039;t load.\",\"recaptchaMissingCookie\":\"reCaptcha v3 validation couldn&#039;t load the cookie needed to submit the form.\",\"recaptchaConsentEvent\":\"Accept reCaptcha cookies before sending the form.\",\"embed_form\":\"\",\"currency_symbol\":\"\",\"title\":\"\",\"beforeForm\":\"\",\"beforeFields\":\"\",\"afterFields\":\"\",\"afterForm\":\"\"};form.fields=[];nfForms.push(form);<\/script>\n        \n","protected":false},"excerpt":{"rendered":"<p>Send us a tip to inform us about an event that you believe is incompatible with good business practices or generally accepted moral standards. The possibility to submit a tip is one of the anti-corruption measures. All tips will be thoroughly investigated and in case of a confirmed violation or a threat of a violation, &hellip; <a href=\"https:\/\/tlt.ee\/en\/about-us\/contacts\/tip\/\" aria-label=\"Read more: Tip\">Read more<\/a><\/p>\n","protected":false},"author":1,"featured_media":0,"parent":3018,"menu_order":0,"comment_status":"closed","ping_status":"closed","template":"","meta":{"_acf_changed":false,"footnotes":"","_links_to":"","_links_to_target":""},"class_list":["post-3065","page","type-page","status-publish","hentry"],"acf":[],"_links":{"self":[{"href":"https:\/\/tlt.ee\/en\/wp-json\/wp\/v2\/pages\/3065","targetHints":{"allow":["GET"]}}],"collection":[{"href":"https:\/\/tlt.ee\/en\/wp-json\/wp\/v2\/pages"}],"about":[{"href":"https:\/\/tlt.ee\/en\/wp-json\/wp\/v2\/types\/page"}],"author":[{"embeddable":true,"href":"https:\/\/tlt.ee\/en\/wp-json\/wp\/v2\/users\/1"}],"replies":[{"embeddable":true,"href":"https:\/\/tlt.ee\/en\/wp-json\/wp\/v2\/comments?post=3065"}],"version-history":[{"count":3,"href":"https:\/\/tlt.ee\/en\/wp-json\/wp\/v2\/pages\/3065\/revisions"}],"predecessor-version":[{"id":3524,"href":"https:\/\/tlt.ee\/en\/wp-json\/wp\/v2\/pages\/3065\/revisions\/3524"}],"up":[{"embeddable":true,"href":"https:\/\/tlt.ee\/en\/wp-json\/wp\/v2\/pages\/3018"}],"wp:attachment":[{"href":"https:\/\/tlt.ee\/en\/wp-json\/wp\/v2\/media?parent=3065"}],"curies":[{"name":"wp","href":"https:\/\/api.w.org\/{rel}","templated":true}]}}