{"id":3063,"date":"2020-07-20T22:17:15","date_gmt":"2020-07-20T19:17:15","guid":{"rendered":"https:\/\/www.tlt.ee\/contact\/request-for-information\/"},"modified":"2020-09-21T11:13:51","modified_gmt":"2020-09-21T08:13:51","slug":"enquiry","status":"publish","type":"page","link":"https:\/\/tlt.ee\/en\/about-us\/contacts\/enquiry\/","title":{"rendered":"Enquiry"},"content":{"rendered":"\n<p>Submit an enquiry to receive available information about the fulfilment of public service duties.<\/p>\n\n<p><strong>The request for information is not meant for sending tips, receiving explanations, expressing opinions or submitting complaints.<\/strong><\/p>\n\n<p>An enquiry will be responded to within 5 working days. The term for compliance with the request for information may be extended for up to 15 working days. A request for information for the compliance of which information would have to be additionally systematised and analysed and new information would have to be documented on the basis thereof, is deemed to be a request for explanation and shall be responded to within 30 calendar days pursuant to the procedure prescribed in the <a href=\"https:\/\/www.riigiteataja.ee\/akt\/125102016016?leiaKehtiv\" target=\"_blank\" rel=\"noreferrer noopener\">Response to Memoranda and Requests for Explanations Act<\/a>.<\/p>\n\n<p><a rel=\"noreferrer noopener\" href=\"https:\/\/www.riigiteataja.ee\/akt\/122032011010?leiaKehtiv\" target=\"_blank\">Public Information Act<\/a><\/p>\n\n<h3 class=\"wp-block-heading\">Request for information form<\/h3>\n\n<p class=\"nf-required-notice\"><span class=\"nf-required-notice__symbol\" aria-hidden=\"true\">*<\/span> Kohustuslikud v\u00e4ljad on t\u00e4histatud t\u00e4rniga<\/p><noscript class=\"ninja-forms-noscript-message\">\n\tNotice: JavaScript is required for this content.<\/noscript>\nNo Fields Found.<div id=\"nf-form-9-cont\" class=\"nf-form-cont\" aria-live=\"polite\" aria-labelledby=\"nf-form-title-9\" aria-describedby=\"nf-form-errors-9\" role=\"form\">\n\n    <div class=\"nf-loading-spinner\"><\/div>\n\n<\/div>\n        <!-- That data is being printed as a workaround to page builders reordering the order of the scripts loaded-->\n        <script>var formDisplay=1;var nfForms=nfForms||[];var form=[];form.id='9';form.settings={\"ninjaForms\":\"Ninja Forms\",\"changeEmailErrorMsg\":\"Palun sisestage kehtiv e-posti aadress!\",\"changeDateErrorMsg\":\"Palun sisestage kehtiv kuup\\u00e4ev!\",\"confirmFieldErrorMsg\":\"Need v\\u00e4ljad peavad kattuma!\",\"fieldNumberNumMinError\":\"Number Min Error\",\"fieldNumberNumMaxError\":\"Number Max Error\",\"fieldNumberIncrementBy\":\"Please increment by \",\"fieldTextareaRTEInsertLink\":\"Insert Link\",\"fieldTextareaRTEInsertMedia\":\"Insert Media\",\"fieldTextareaRTESelectAFile\":\"Select a file\",\"formErrorsCorrectErrors\":\"Palun parandage vead enne vormi esitamist.\",\"formHoneypot\":\"If you are a human seeing this field, please leave it empty.\",\"validateRequiredField\":\"See v\\u00e4li on kohustuslik.\",\"honeypotHoneypotError\":\"Honeypot Error\",\"fileUploadOldCodeFileUploadInProgress\":\"File Upload in Progress.\",\"fileUploadOldCodeFileUpload\":\"FILE UPLOAD\",\"currencySymbol\":\"&euro;\",\"fieldsMarkedRequired\":\"T\\u00e4rniga * m\\u00e4rgitud v\\u00e4ljad on kohustuslikud.\",\"thousands_sep\":\",\",\"decimal_point\":\".\",\"siteLocale\":\"en_US\",\"dateFormat\":\"d.m.Y\",\"startOfWeek\":\"1\",\"of\":\"of\",\"previousMonth\":\"Previous Month\",\"nextMonth\":\"Next Month\",\"months\":[\"January\",\"February\",\"March\",\"April\",\"May\",\"June\",\"July\",\"August\",\"September\",\"October\",\"November\",\"December\"],\"monthsShort\":[\"Jan\",\"Feb\",\"Mar\",\"Apr\",\"May\",\"Jun\",\"Jul\",\"Aug\",\"Sep\",\"Oct\",\"Nov\",\"Dec\"],\"weekdays\":[\"Sunday\",\"Monday\",\"Tuesday\",\"Wednesday\",\"Thursday\",\"Friday\",\"Saturday\"],\"weekdaysShort\":[\"Sun\",\"Mon\",\"Tue\",\"Wed\",\"Thu\",\"Fri\",\"Sat\"],\"weekdaysMin\":[\"Su\",\"Mo\",\"Tu\",\"We\",\"Th\",\"Fr\",\"Sa\"],\"recaptchaConsentMissing\":\"reCaptcha validation couldn&#039;t load.\",\"recaptchaMissingCookie\":\"reCaptcha v3 validation couldn&#039;t load the cookie needed to submit the form.\",\"recaptchaConsentEvent\":\"Accept reCaptcha cookies before sending the form.\",\"embed_form\":\"\",\"currency_symbol\":\"\",\"title\":\"\",\"beforeForm\":\"\",\"beforeFields\":\"\",\"afterFields\":\"\",\"afterForm\":\"\"};form.fields=[];nfForms.push(form);<\/script>\n        \n","protected":false},"excerpt":{"rendered":"<p>Submit an enquiry to receive available information about the fulfilment of public service duties. The request for information is not meant for sending tips, receiving explanations, expressing opinions or submitting complaints. An enquiry will be responded to within 5 working days. The term for compliance with the request for information may be extended for up &hellip; <a href=\"https:\/\/tlt.ee\/en\/about-us\/contacts\/enquiry\/\" aria-label=\"Read more: Enquiry\">Read more<\/a><\/p>\n","protected":false},"author":1,"featured_media":0,"parent":3018,"menu_order":0,"comment_status":"closed","ping_status":"closed","template":"","meta":{"_acf_changed":false,"footnotes":"","_links_to":"","_links_to_target":""},"class_list":["post-3063","page","type-page","status-publish","hentry"],"acf":[],"_links":{"self":[{"href":"https:\/\/tlt.ee\/en\/wp-json\/wp\/v2\/pages\/3063","targetHints":{"allow":["GET"]}}],"collection":[{"href":"https:\/\/tlt.ee\/en\/wp-json\/wp\/v2\/pages"}],"about":[{"href":"https:\/\/tlt.ee\/en\/wp-json\/wp\/v2\/types\/page"}],"author":[{"embeddable":true,"href":"https:\/\/tlt.ee\/en\/wp-json\/wp\/v2\/users\/1"}],"replies":[{"embeddable":true,"href":"https:\/\/tlt.ee\/en\/wp-json\/wp\/v2\/comments?post=3063"}],"version-history":[{"count":3,"href":"https:\/\/tlt.ee\/en\/wp-json\/wp\/v2\/pages\/3063\/revisions"}],"predecessor-version":[{"id":3526,"href":"https:\/\/tlt.ee\/en\/wp-json\/wp\/v2\/pages\/3063\/revisions\/3526"}],"up":[{"embeddable":true,"href":"https:\/\/tlt.ee\/en\/wp-json\/wp\/v2\/pages\/3018"}],"wp:attachment":[{"href":"https:\/\/tlt.ee\/en\/wp-json\/wp\/v2\/media?parent=3063"}],"curies":[{"name":"wp","href":"https:\/\/api.w.org\/{rel}","templated":true}]}}